{"id":100,"date":"2025-03-06T15:27:06","date_gmt":"2025-03-06T14:27:06","guid":{"rendered":"https:\/\/www.antrading.se\/?page_id=100"},"modified":"2026-04-13T16:24:24","modified_gmt":"2026-04-13T14:24:24","slug":"kontakta-oss","status":"publish","type":"page","link":"https:\/\/www.antrading.se\/en\/kontakta-oss\/","title":{"rendered":"Kontakta oss"},"content":{"rendered":"<div data-block=\"hero\" class=\"acf-hero relative top-0 left-0 w-full flex items-end pb-10 sm:pb-16 h-[214px] sm:h-[360px] mb-16\">\n            <div class=\"absolute top-0 left-0 w-full h-full z-0\" style=\"background-color: #000000;\"><\/div>\n    \n    <div class=\"relative z-10 flex flex-col gap-y-4 items-start container mx-auto text-white\">\n                    <h1 class=\"heading-xxl max-w-sm sm:max-w-3xl\">Kontakta oss<\/h1>\n        \n                    <\/div>\n<\/div>\n\n\n<div data-block=\"contact\" class=\"acf-contact container mx-auto flex flex-col mb-16\">\n    <div class=\"flex flex-col gap-y-3 max-w-xl mb-12\">\n        <h2 class=\"heading-xl\">Kontakt<\/h2>\n        <div class=\"wysisyg\"><p>Vi p\u00e5\u00a0<strong>AN Trading<\/strong>\u00a0har hj\u00e4lpt maskin\u00e4gare och entrepren\u00f6rer sedan 2014, med ett brett utbud av hjullastare, gr\u00e4vmaskiner och redskap. Vi \u00e4r stolta agenter och import\u00f6r f\u00f6r den v\u00e4lk\u00e4nda kinesiska hjullastaren EVERUN, och \u00e5terf\u00f6rs\u00e4ljare f\u00f6r LS Equipment, SE Equipment samt v\u00e5rt eget varum\u00e4rke ANT.<\/p>\n<p>N\u00e4r du k\u00f6per redskap till hjullastare eller gr\u00e4vmaskin vill du veta att det fungerar \u2013 och h\u00e5ller.<\/p>\n<p>D\u00e4rf\u00f6r erbjuder vi:<\/p>\n<p>\u2022 Kvalitet och h\u00e5llbarhet \u2013 redskap byggda f\u00f6r att t\u00e5la tuffa jobb, l\u00e4nge.<br \/>\n\u2022 Flexibilitet och kompatibilitet \u2013 vi hj\u00e4lper dig hitta r\u00e4tt maskineller redskap med r\u00e4tt funktion.<br \/>\n\u2022 Service och trygg support \u2013 vi finns h\u00e4r \u00e4ven efter k\u00f6pet, med reservdelar, support och service.<\/p>\n<p>&nbsp;<\/p>\n<p>&nbsp;<\/p>\n<\/div>\n    <\/div>\n    <div class=\"grid grid-cols-1 lg:grid-cols-2 items-baseline gap-10\">\n                    <div class=\"contact-form\">\n                \n<div class=\"wpcf7 no-js\" id=\"wpcf7-f5719-o1\" lang=\"en-US\" dir=\"ltr\" data-wpcf7-id=\"5719\">\n<div class=\"screen-reader-response\"><p role=\"status\" aria-live=\"polite\" aria-atomic=\"true\"><\/p> <ul><\/ul><\/div>\n<form action=\"\/en\/wp-json\/wp\/v2\/pages\/100#wpcf7-f5719-o1\" method=\"post\" class=\"wpcf7-form init\" aria-label=\"Contact form\" novalidate=\"novalidate\" data-status=\"init\" data-trp-original-action=\"\/en\/wp-json\/wp\/v2\/pages\/100#wpcf7-f5719-o1\">\n<fieldset class=\"hidden-fields-container\"><input type=\"hidden\" name=\"_wpcf7\" value=\"5719\" \/><input type=\"hidden\" name=\"_wpcf7_version\" value=\"6.1.5\" \/><input type=\"hidden\" name=\"_wpcf7_locale\" value=\"en_US\" \/><input type=\"hidden\" name=\"_wpcf7_unit_tag\" value=\"wpcf7-f5719-o1\" \/><input type=\"hidden\" name=\"_wpcf7_container_post\" value=\"0\" \/><input type=\"hidden\" name=\"_wpcf7_posted_data_hash\" value=\"\" \/><input type=\"hidden\" name=\"_wpcf7_recaptcha_response\" value=\"\" \/>\n<\/fieldset>\n<p><span class=\"wpcf7-form-control-wrap\" data-name=\"your-name\"><input size=\"40\" maxlength=\"400\" class=\"wpcf7-form-control wpcf7-text wpcf7-validates-as-required\" autocomplete=\"name\" aria-required=\"true\" aria-invalid=\"false\" placeholder=\"Skriv ditt namn och efternamn\" value=\"\" type=\"text\" name=\"your-name\" \/><\/span><br \/>\n<span class=\"wpcf7-form-control-wrap\" data-name=\"your-email\"><input size=\"40\" maxlength=\"400\" class=\"wpcf7-form-control wpcf7-email wpcf7-validates-as-required wpcf7-text wpcf7-validates-as-email\" autocomplete=\"email\" aria-required=\"true\" aria-invalid=\"false\" placeholder=\"Skriv in din e-postadress\" value=\"\" type=\"email\" name=\"your-email\" \/><\/span><br \/>\n<span class=\"wpcf7-form-control-wrap\" data-name=\"your-phone\"><input size=\"40\" maxlength=\"400\" class=\"wpcf7-form-control wpcf7-tel wpcf7-validates-as-required wpcf7-text wpcf7-validates-as-tel\" autocomplete=\"tel\" aria-required=\"true\" aria-invalid=\"false\" placeholder=\"Skriv in ditt telefonnummer\" value=\"\" type=\"tel\" name=\"your-phone\" \/><\/span><br \/>\n<span class=\"wpcf7-form-control-wrap\" data-name=\"your-message\"><textarea cols=\"40\" rows=\"10\" maxlength=\"2000\" class=\"wpcf7-form-control wpcf7-textarea\" aria-invalid=\"false\" placeholder=\"Meddelande\" name=\"your-message\"><\/textarea><\/span>\n<\/p>\n<p><input class=\"wpcf7-form-control wpcf7-submit has-spinner\" type=\"submit\" value=\"Skicka\" \/>\n<\/p><div class=\"wpcf7-response-output\" aria-hidden=\"true\"><\/div>\n<input type=\"hidden\" name=\"trp-form-language\" value=\"en\"\/><\/form>\n<\/div>\n            <\/div>\n        \n        <div class=\"flex flex-col gap-y-3\">\n                                                <div class=\"bg-primary p-6 rounded-xl flex flex-col gap-y-3\">\n                        <h3 class=\"body-md\">Maila oss<\/h3>\n                        <div class=\"heading-xl\"><p><a href=\"mailto:info@antrading.se\">info@antrading.se<\/a><\/p>\n<\/div>\n                    <\/div>\n                                    <div class=\"bg-primary p-6 rounded-xl flex flex-col gap-y-3\">\n                        <h3 class=\"body-md\">Ring oss<\/h3>\n                        <div class=\"heading-xl\"><p><a href=\"tel: 0920-44 02 44\">0920-44 02 44<\/a><\/p>\n<\/div>\n                    <\/div>\n                                    <div class=\"bg-primary p-6 rounded-xl flex flex-col gap-y-3\">\n                        <h3 class=\"body-md\">Bes\u00f6k oss<\/h3>\n                        <div class=\"heading-xl\"><p><a href=\"https:\/\/maps.app.goo.gl\/cYoTxE4B4tKmYJqH6\">Maskinv\u00e4gen 8<\/a><\/p>\n<p>972 54 Lule\u00e5 Sweden<\/p>\n<\/div>\n                    <\/div>\n                                    <div class=\"bg-primary p-6 rounded-xl flex flex-col gap-y-3\">\n                        <h3 class=\"body-md\">Telefontider<\/h3>\n                        <div class=\"heading-xl\"><div class=\"grid gap-y-1\">\n<div class=\"flex flex-row justify-between items-center font-medium\"><span class=\"text-sm\">M\u00e5ndag:<\/span><span class=\"text-sm ml-4\">08:00 -16:00 <\/span><\/div>\n<div class=\"flex flex-row justify-between items-center\"><span class=\"text-sm\">Tisdag:<\/span><span class=\"text-sm ml-4\">08:00 -16:00 <\/span><\/div>\n<div class=\"flex flex-row justify-between items-center\"><span class=\"text-sm\">Onsdag:<\/span><span class=\"text-sm ml-4\">08:00 -16:00 <\/span><\/div>\n<div class=\"flex flex-row justify-between items-center\"><span class=\"text-sm\">Torsdag:<\/span><span class=\"text-sm ml-4\">08:00 -16:00 <\/span><\/div>\n<div class=\"flex flex-row justify-between items-center\"><span class=\"text-sm\">Fredag:<\/span><span class=\"text-sm ml-4\">08:00 -15:00 <\/span><\/div>\n<div class=\"flex flex-row justify-between items-center\"><span class=\"text-sm\">L\u00f6rdag: <\/span><span class=\"text-sm ml-4\">St\u00e4ngt <\/span><\/div>\n<div class=\"flex flex-row justify-between items-center\"><span class=\"text-sm\">S\u00f6ndag: <\/span><span class=\"text-sm ml-4\">St\u00e4ngt<\/span><\/div>\n<div><\/div>\n<div class=\"text-sm mt-2\">Lunch 11.00\u201312.00<\/div>\n<div class=\"text-sm\">\u00d6vrig tid email: info@antrading.se<\/div>\n<div class=\"text-sm\">Avvikande tider: St\u00e4ngt 30\/4.<\/div>\n<div>Best\u00e4llningar och f\u00f6rfr\u00e5gningar via email under denna tid.<\/div>\n<\/div>\n<\/div>\n                    <\/div>\n                                    <\/div>\n    <\/div>\n<\/div>\n\n\n<div data-block=\"staff\" class=\"acf-staff container mx-auto mb-16\">\n    <div class=\"flex flex-col gap-y-3 mb-6 max-w-md\">\n        <h2 class=\"heading-xl\">V\u00e5ra medarbetare<\/h2>\n        <p class=\"body-base text-mediumGray\">Nedan finner du kontaktuppgifter till oss<\/p>\n    <\/div>\n    <div class=\"grid grid-cols-1 sm:grid-cols-2 lg:grid-cols-4 gap-4\">\n                    <div class=\"flex flex-col gap-y-2 border border-black\">\n                \n                <div class=\"py-4 px-6 flex flex-col gap-y-2\">\n                    <h3 class=\"heading-lg\">Anders<\/h3>\n                    <p class=\"body-sm text-mediumGray\">VD\/F\u00f6rs\u00e4ljning<\/p>\n                    <a href=\"mailto:info@antrading.se\"\n                        class=\"body-sm text-mediumGray flex items-center gap-x-2\">\n                        <span class=\"w-2 h-2 rounded-full border border-mediumGray\"><\/span>\n                        info@antrading.se\n                    <\/a>\n                    <a href=\"tel:0920-44 02 44\"\n                        class=\"body-sm text-mediumGray flex items-center gap-x-2\">\n                        <span class=\"w-2 h-2 rounded-full border border-mediumGray\"><\/span>\n                        0920-44 02 44\n                    <\/a>\n                <\/div>\n            <\/div>\n            <\/div>\n<\/div>","protected":false},"excerpt":{"rendered":"","protected":false},"author":1,"featured_media":0,"parent":0,"menu_order":0,"comment_status":"closed","ping_status":"closed","template":"","meta":{"_acf_changed":false,"footnotes":""},"class_list":["post-100","page","type-page","status-publish","hentry"],"acf":[],"_links":{"self":[{"href":"https:\/\/www.antrading.se\/en\/wp-json\/wp\/v2\/pages\/100","targetHints":{"allow":["GET"]}}],"collection":[{"href":"https:\/\/www.antrading.se\/en\/wp-json\/wp\/v2\/pages"}],"about":[{"href":"https:\/\/www.antrading.se\/en\/wp-json\/wp\/v2\/types\/page"}],"author":[{"embeddable":true,"href":"https:\/\/www.antrading.se\/en\/wp-json\/wp\/v2\/users\/1"}],"replies":[{"embeddable":true,"href":"https:\/\/www.antrading.se\/en\/wp-json\/wp\/v2\/comments?post=100"}],"version-history":[{"count":29,"href":"https:\/\/www.antrading.se\/en\/wp-json\/wp\/v2\/pages\/100\/revisions"}],"predecessor-version":[{"id":6121,"href":"https:\/\/www.antrading.se\/en\/wp-json\/wp\/v2\/pages\/100\/revisions\/6121"}],"wp:attachment":[{"href":"https:\/\/www.antrading.se\/en\/wp-json\/wp\/v2\/media?parent=100"}],"curies":[{"name":"wp","href":"https:\/\/api.w.org\/{rel}","templated":true}]}}