{"id":5379,"date":"2025-06-11T12:53:29","date_gmt":"2025-06-11T10:53:29","guid":{"rendered":"https:\/\/www.antrading.se\/?post_type=product&#038;p=5379"},"modified":"2026-03-21T08:07:21","modified_gmt":"2026-03-21T07:07:21","slug":"ant-klaffskopa-145","status":"publish","type":"product","link":"https:\/\/www.antrading.se\/en\/product\/ant-klaffskopa-145\/","title":{"rendered":"ANT Klaffskopa 145 Avant inkl elventil"},"content":{"rendered":"<p>Klaffskopa passande minilastare. B\u00e5de f\u00f6rdelar fr\u00e5n plogens och skopans egenskaper. Sparar enormt mycket tid vid sn\u00f6skottning.<\/p>\n<p>Bredd 145cm, vingar 48cm, djup 88cm, h\u00f6jd 86cm.<\/p>\n<p>Fj\u00e4drande vingar. Levereras med elventil och 2st slangar + elkabel (ej snabbkoppling)<\/p>\n<p>Finns i lager, fri frakt.<\/p>\n<p>&nbsp;<\/p>","protected":false},"excerpt":{"rendered":"<p>Klaffskopa passande minilastare. B\u00e5de f\u00f6rdelar fr\u00e5n plogens och skopans egenskaper. Sparar enormt mycket tid vid sn\u00f6skottning. Bredd 145cm, vingar 48cm, djup 88cm, h\u00f6jd 86cm. Fj\u00e4drande vingar. Levereras med elventil och 2st slangar + elkabel (ej snabbkoppling) Finns i lager, fri frakt. &nbsp;<\/p>","protected":false},"featured_media":5409,"comment_status":"closed","ping_status":"closed","template":"","meta":{"_acf_changed":false},"product_brand":[83],"product_cat":[50,45,49,44,67,51,48],"product_tag":[],"class_list":{"0":"post-5379","1":"product","2":"type-product","3":"status-publish","4":"has-post-thumbnail","6":"product_brand-ant","7":"product_cat-butik","8":"product_cat-redskap-hjullastare","9":"product_cat-kampanjer","10":"product_cat-redskap","11":"product_cat-skopor-redskap-hjullastare","12":"product_cat-skopor","13":"product_cat-utforsaljning","14":"product_shipping_class-fri-frakt","16":"first","17":"instock","18":"sale","19":"taxable","20":"shipping-taxable","21":"purchasable","22":"product-type-simple"},"acf":[],"_links":{"self":[{"href":"https:\/\/www.antrading.se\/en\/wp-json\/wp\/v2\/product\/5379","targetHints":{"allow":["GET"]}}],"collection":[{"href":"https:\/\/www.antrading.se\/en\/wp-json\/wp\/v2\/product"}],"about":[{"href":"https:\/\/www.antrading.se\/en\/wp-json\/wp\/v2\/types\/product"}],"replies":[{"embeddable":true,"href":"https:\/\/www.antrading.se\/en\/wp-json\/wp\/v2\/comments?post=5379"}],"wp:featuredmedia":[{"embeddable":true,"href":"https:\/\/www.antrading.se\/en\/wp-json\/wp\/v2\/media\/5409"}],"wp:attachment":[{"href":"https:\/\/www.antrading.se\/en\/wp-json\/wp\/v2\/media?parent=5379"}],"wp:term":[{"taxonomy":"product_brand","embeddable":true,"href":"https:\/\/www.antrading.se\/en\/wp-json\/wp\/v2\/product_brand?post=5379"},{"taxonomy":"product_cat","embeddable":true,"href":"https:\/\/www.antrading.se\/en\/wp-json\/wp\/v2\/product_cat?post=5379"},{"taxonomy":"product_tag","embeddable":true,"href":"https:\/\/www.antrading.se\/en\/wp-json\/wp\/v2\/product_tag?post=5379"}],"curies":[{"name":"wp","href":"https:\/\/api.w.org\/{rel}","templated":true}]}}