{"id":5381,"date":"2025-06-11T12:53:30","date_gmt":"2025-06-11T10:53:30","guid":{"rendered":"https:\/\/www.antrading.se\/?post_type=product&#038;p=5381"},"modified":"2026-02-13T13:46:09","modified_gmt":"2026-02-13T12:46:09","slug":"ant-klaffskopa-210","status":"publish","type":"product","link":"https:\/\/www.antrading.se\/en\/product\/ant-klaffskopa-210\/","title":{"rendered":"ANT Klaffskopa 210 SMS"},"content":{"rendered":"<p>Popul\u00e4r skopa som har ett stort anv\u00e4ndningsomr\u00e5de. B\u00e5de f\u00f6rdelar fr\u00e5n plogens och skopans egenskaper. Sparar enormt mycket tid vid sn\u00f6skottning. Tandat skopst\u00e5l. Elventil, chockventil\u00a0 och accumulator mot till\u00e4gg, beg\u00e4r offert. Bepr\u00f6vad modell som vi vidareutvecklat under flera \u00e5r, s\u00e5lt denna i 8 \u00e5r, stors\u00e4ljare. (egen modell p\u00e5 skopan)<\/p>\n<p>Bredd 210cm, vingar 80cm, djup 100cm, h\u00f6jd 86cm. Vikt 530kg.<\/p>\n<p>Fj\u00e4drande klaffar. Levereras med 4 slangar.<\/p>\n<p>Finns med SMS\/Trima, L30 (\u00f6vriga f\u00e4sten, beg\u00e4r offert)<\/p>\n<p>Priser:<\/p>\n<p>SMS\/Trima eller L30 34.000kr, Utan f\u00e4ste 33.000kr<\/p>\n<p>Till\u00e4gg elventil\/chockventil\/accumulator +7.500kr (2 slang + el) eller chockventiler\/accumulator + 6.000kr (4 slang)<\/p>\n<p>Alla priser exkl moms<\/p>","protected":false},"excerpt":{"rendered":"<p>Popul\u00e4r skopa som har ett stort anv\u00e4ndningsomr\u00e5de. B\u00e5de f\u00f6rdelar fr\u00e5n plogens och skopans egenskaper. Sparar enormt mycket tid vid sn\u00f6skottning. Tandat skopst\u00e5l. Elventil, chockventil\u00a0 och accumulator mot till\u00e4gg, beg\u00e4r offert. Bepr\u00f6vad modell som vi vidareutvecklat under flera \u00e5r, s\u00e5lt denna i 8 \u00e5r, stors\u00e4ljare. (egen modell p\u00e5 skopan) Bredd 210cm, vingar 80cm, djup 100cm, h\u00f6jd [&hellip;]<\/p>","protected":false},"featured_media":5411,"comment_status":"closed","ping_status":"closed","template":"","meta":{"_acf_changed":false},"product_brand":[83],"product_cat":[50,45,44,67,51],"product_tag":[],"class_list":{"0":"post-5381","1":"product","2":"type-product","3":"status-publish","4":"has-post-thumbnail","6":"product_brand-ant","7":"product_cat-butik","8":"product_cat-redskap-hjullastare","9":"product_cat-redskap","10":"product_cat-skopor-redskap-hjullastare","11":"product_cat-skopor","12":"product_shipping_class-1-500kr","14":"first","15":"outofstock","16":"taxable","17":"shipping-taxable","18":"purchasable","19":"product-type-simple"},"acf":[],"_links":{"self":[{"href":"https:\/\/www.antrading.se\/en\/wp-json\/wp\/v2\/product\/5381","targetHints":{"allow":["GET"]}}],"collection":[{"href":"https:\/\/www.antrading.se\/en\/wp-json\/wp\/v2\/product"}],"about":[{"href":"https:\/\/www.antrading.se\/en\/wp-json\/wp\/v2\/types\/product"}],"replies":[{"embeddable":true,"href":"https:\/\/www.antrading.se\/en\/wp-json\/wp\/v2\/comments?post=5381"}],"wp:featuredmedia":[{"embeddable":true,"href":"https:\/\/www.antrading.se\/en\/wp-json\/wp\/v2\/media\/5411"}],"wp:attachment":[{"href":"https:\/\/www.antrading.se\/en\/wp-json\/wp\/v2\/media?parent=5381"}],"wp:term":[{"taxonomy":"product_brand","embeddable":true,"href":"https:\/\/www.antrading.se\/en\/wp-json\/wp\/v2\/product_brand?post=5381"},{"taxonomy":"product_cat","embeddable":true,"href":"https:\/\/www.antrading.se\/en\/wp-json\/wp\/v2\/product_cat?post=5381"},{"taxonomy":"product_tag","embeddable":true,"href":"https:\/\/www.antrading.se\/en\/wp-json\/wp\/v2\/product_tag?post=5381"}],"curies":[{"name":"wp","href":"https:\/\/api.w.org\/{rel}","templated":true}]}}