{"id":5392,"date":"2025-06-11T12:53:34","date_gmt":"2025-06-11T10:53:34","guid":{"rendered":"https:\/\/www.antrading.se\/?post_type=product&#038;p=5392"},"modified":"2025-08-04T14:19:20","modified_gmt":"2025-08-04T12:19:20","slug":"forlangningsgafflar-25-ton","status":"publish","type":"product","link":"https:\/\/www.antrading.se\/en\/product\/forlangningsgafflar-25-ton\/","title":{"rendered":"F\u00f6rl\u00e4ngningsgafflar 2,5 ton"},"content":{"rendered":"<p>F\u00f6rl\u00e4ngningsgafflar 2.5 ton.<\/p>\n<p>Galvaniserande f\u00f6rl\u00e4ngningsgafflar med sluten botten, sprintar medf\u00f6ljer.<\/p>\n<p>Frakt kan ordnas.<\/p>\n<p>&nbsp;<\/p>\n<p><strong>2,5 ton<\/strong><\/p>\n<p>100x40x2000 Pris\/par 2900kr<\/p>\n<p>Frakt 500kr<\/p>","protected":false},"excerpt":{"rendered":"<p>F\u00f6rl\u00e4ngningsgafflar 2.5 ton. Galvaniserande f\u00f6rl\u00e4ngningsgafflar med sluten botten, sprintar medf\u00f6ljer. Frakt kan ordnas. &nbsp; 2,5 ton 100x40x2000 Pris\/par 2900kr Frakt 500kr<\/p>","protected":false},"featured_media":5449,"comment_status":"open","ping_status":"closed","template":"","meta":{"_acf_changed":false},"product_brand":[],"product_cat":[50,60],"product_tag":[],"class_list":{"0":"post-5392","1":"product","2":"type-product","3":"status-publish","4":"has-post-thumbnail","6":"product_cat-butik","7":"product_cat-pallgafflar","8":"product_shipping_class-800kr","10":"first","11":"outofstock","12":"taxable","13":"shipping-taxable","14":"product-type-variable"},"acf":[],"_links":{"self":[{"href":"https:\/\/www.antrading.se\/en\/wp-json\/wp\/v2\/product\/5392","targetHints":{"allow":["GET"]}}],"collection":[{"href":"https:\/\/www.antrading.se\/en\/wp-json\/wp\/v2\/product"}],"about":[{"href":"https:\/\/www.antrading.se\/en\/wp-json\/wp\/v2\/types\/product"}],"replies":[{"embeddable":true,"href":"https:\/\/www.antrading.se\/en\/wp-json\/wp\/v2\/comments?post=5392"}],"wp:featuredmedia":[{"embeddable":true,"href":"https:\/\/www.antrading.se\/en\/wp-json\/wp\/v2\/media\/5449"}],"wp:attachment":[{"href":"https:\/\/www.antrading.se\/en\/wp-json\/wp\/v2\/media?parent=5392"}],"wp:term":[{"taxonomy":"product_brand","embeddable":true,"href":"https:\/\/www.antrading.se\/en\/wp-json\/wp\/v2\/product_brand?post=5392"},{"taxonomy":"product_cat","embeddable":true,"href":"https:\/\/www.antrading.se\/en\/wp-json\/wp\/v2\/product_cat?post=5392"},{"taxonomy":"product_tag","embeddable":true,"href":"https:\/\/www.antrading.se\/en\/wp-json\/wp\/v2\/product_tag?post=5392"}],"curies":[{"name":"wp","href":"https:\/\/api.w.org\/{rel}","templated":true}]}}