{"id":5425,"date":"2025-06-11T12:54:12","date_gmt":"2025-06-11T10:54:12","guid":{"rendered":"https:\/\/www.antrading.se\/?post_type=product&#038;p=5425"},"modified":"2025-08-04T14:14:25","modified_gmt":"2025-08-04T12:14:25","slug":"lst-planerskopa-v-serie-200cm-fri-frakt","status":"publish","type":"product","link":"https:\/\/www.antrading.se\/en\/product\/lst-planerskopa-v-serie-200cm-fri-frakt\/","title":{"rendered":"LST Planerskopa V-serie 200cm Fri frakt"},"content":{"rendered":"<p>Planerskopa V-serie bredd 200cm, avsedd f\u00f6r kompaktlastare\/minilastare, mindre hjullastare och traktorer.<\/p>\n<p>Mycket gedigen och v\u00e4lbyggd skopa med bra finish. F\u00f6r att enkelt kunna sp\u00e4nna fast gods \u00e4r skopan ocks\u00e5 f\u00f6rsedd med raka kanter och last\u00f6glor.<\/p>\n<p>200cm SMS\/Trima, 13900kr (Listpris 18.500kr)<\/p>\n<p>&nbsp;<\/p>\n<p>Fri frakt g\u00e4ller ej \u00f6-omr\u00e5den.<\/p>\n<p>Pris exkl moms<\/p>","protected":false},"excerpt":{"rendered":"<p>Planerskopa V-serie bredd 200cm, avsedd f\u00f6r kompaktlastare\/minilastare, mindre hjullastare och traktorer. Mycket gedigen och v\u00e4lbyggd skopa med bra finish. F\u00f6r att enkelt kunna sp\u00e4nna fast gods \u00e4r skopan ocks\u00e5 f\u00f6rsedd med raka kanter och last\u00f6glor. 200cm SMS\/Trima, 13900kr (Listpris 18.500kr) &nbsp; Fri frakt g\u00e4ller ej \u00f6-omr\u00e5den. Pris exkl moms<\/p>","protected":false},"featured_media":5501,"comment_status":"closed","ping_status":"closed","template":"","meta":{"_acf_changed":false},"product_brand":[76,75],"product_cat":[50,51,67,48],"product_tag":[],"class_list":{"0":"post-5425","1":"product","2":"type-product","3":"status-publish","4":"has-post-thumbnail","6":"product_brand-lst-trading","7":"product_brand-se-equipment","8":"product_cat-butik","9":"product_cat-skopor","10":"product_cat-skopor-redskap-hjullastare","11":"product_cat-utforsaljning","12":"product_shipping_class-fri-frakt","14":"first","15":"instock","16":"sale","17":"taxable","18":"shipping-taxable","19":"purchasable","20":"product-type-simple"},"acf":[],"_links":{"self":[{"href":"https:\/\/www.antrading.se\/en\/wp-json\/wp\/v2\/product\/5425","targetHints":{"allow":["GET"]}}],"collection":[{"href":"https:\/\/www.antrading.se\/en\/wp-json\/wp\/v2\/product"}],"about":[{"href":"https:\/\/www.antrading.se\/en\/wp-json\/wp\/v2\/types\/product"}],"replies":[{"embeddable":true,"href":"https:\/\/www.antrading.se\/en\/wp-json\/wp\/v2\/comments?post=5425"}],"wp:featuredmedia":[{"embeddable":true,"href":"https:\/\/www.antrading.se\/en\/wp-json\/wp\/v2\/media\/5501"}],"wp:attachment":[{"href":"https:\/\/www.antrading.se\/en\/wp-json\/wp\/v2\/media?parent=5425"}],"wp:term":[{"taxonomy":"product_brand","embeddable":true,"href":"https:\/\/www.antrading.se\/en\/wp-json\/wp\/v2\/product_brand?post=5425"},{"taxonomy":"product_cat","embeddable":true,"href":"https:\/\/www.antrading.se\/en\/wp-json\/wp\/v2\/product_cat?post=5425"},{"taxonomy":"product_tag","embeddable":true,"href":"https:\/\/www.antrading.se\/en\/wp-json\/wp\/v2\/product_tag?post=5425"}],"curies":[{"name":"wp","href":"https:\/\/api.w.org\/{rel}","templated":true}]}}