{"id":5427,"date":"2025-06-11T12:54:12","date_gmt":"2025-06-11T10:54:12","guid":{"rendered":"https:\/\/www.antrading.se\/?post_type=product&#038;p=5427"},"modified":"2026-02-03T16:28:06","modified_gmt":"2026-02-03T15:28:06","slug":"ant-pallgafflar-mekaniska-8ton-stora-bm","status":"publish","type":"product","link":"https:\/\/www.antrading.se\/en\/product\/ant-pallgafflar-mekaniska-8ton-stora-bm\/","title":{"rendered":"ANT Pallgafflar mekaniska 8ton Stora BM"},"content":{"rendered":"<p>Gediget gaffelst\u00e4ll med god genomsikt till bra pris, finns i lager f\u00f6r direktleverans.<\/p>\n<p>Kapacitet: 8000kg<\/p>\n<p>Bredd: 1500mm<\/p>\n<p>Gaffell\u00e4ngd: 1600mm<\/p>\n<p>Bef.gaffel: 150x60mm<\/p>\n<p>Vikt: 400kg<\/p>\n<p>H\u00e4mtpris 15900kr exkl moms. Frakt kan ordnas.<\/p>","protected":false},"excerpt":{"rendered":"<p>Gediget gaffelst\u00e4ll med god genomsikt till bra pris, finns i lager f\u00f6r direktleverans. Kapacitet: 8000kg Bredd: 1500mm Gaffell\u00e4ngd: 1600mm Bef.gaffel: 150x60mm Vikt: 400kg H\u00e4mtpris 15900kr exkl moms. Frakt kan ordnas.<\/p>","protected":false},"featured_media":6088,"comment_status":"closed","ping_status":"closed","template":"","meta":{"_acf_changed":false},"product_brand":[83],"product_cat":[50,45,60,44],"product_tag":[],"class_list":{"0":"post-5427","1":"product","2":"type-product","3":"status-publish","4":"has-post-thumbnail","6":"product_brand-ant","7":"product_cat-butik","8":"product_cat-redskap-hjullastare","9":"product_cat-pallgafflar","10":"product_cat-redskap","11":"product_shipping_class-1-200kr","13":"first","14":"instock","15":"taxable","16":"shipping-taxable","17":"purchasable","18":"product-type-simple"},"acf":[],"_links":{"self":[{"href":"https:\/\/www.antrading.se\/en\/wp-json\/wp\/v2\/product\/5427","targetHints":{"allow":["GET"]}}],"collection":[{"href":"https:\/\/www.antrading.se\/en\/wp-json\/wp\/v2\/product"}],"about":[{"href":"https:\/\/www.antrading.se\/en\/wp-json\/wp\/v2\/types\/product"}],"replies":[{"embeddable":true,"href":"https:\/\/www.antrading.se\/en\/wp-json\/wp\/v2\/comments?post=5427"}],"wp:featuredmedia":[{"embeddable":true,"href":"https:\/\/www.antrading.se\/en\/wp-json\/wp\/v2\/media\/6088"}],"wp:attachment":[{"href":"https:\/\/www.antrading.se\/en\/wp-json\/wp\/v2\/media?parent=5427"}],"wp:term":[{"taxonomy":"product_brand","embeddable":true,"href":"https:\/\/www.antrading.se\/en\/wp-json\/wp\/v2\/product_brand?post=5427"},{"taxonomy":"product_cat","embeddable":true,"href":"https:\/\/www.antrading.se\/en\/wp-json\/wp\/v2\/product_cat?post=5427"},{"taxonomy":"product_tag","embeddable":true,"href":"https:\/\/www.antrading.se\/en\/wp-json\/wp\/v2\/product_tag?post=5427"}],"curies":[{"name":"wp","href":"https:\/\/api.w.org\/{rel}","templated":true}]}}