{"id":5447,"date":"2025-06-11T12:54:38","date_gmt":"2025-06-11T10:54:38","guid":{"rendered":"https:\/\/www.antrading.se\/?post_type=product&#038;p=5447"},"modified":"2025-08-04T14:13:41","modified_gmt":"2025-08-04T12:13:41","slug":"lst-gravskopa-slatstal-s50-450liter","status":"publish","type":"product","link":"https:\/\/www.antrading.se\/en\/product\/lst-gravskopa-slatstal-s50-450liter\/","title":{"rendered":"LST Gr\u00e4vskopa sl\u00e4tst\u00e5l S50 450liter"},"content":{"rendered":"<p>LST Gr\u00e4vskopa sl\u00e4tst\u00e5l S50<\/p>\n<p>S50 450liter B800 pris 15000kr exkl moms, fri frakt.<\/p>\n<p>Slitstarka, robusta och kvalitativa skopor designad f\u00f6r l\u00e5ng livsl\u00e4ngd. Konstruerad f\u00f6r enkel intr\u00e4ngning i alla typer av material. Tillverkas i h\u00f6gh\u00e5llfast material s\u00e5som Hardox 450 och domex 650 f\u00f6r b\u00e4sta h\u00e5llbarhet.<\/p>\n<p>Produkten \u00e4r CE-m\u00e4rkt och svensktillverkad av Carrus.<\/p>","protected":false},"excerpt":{"rendered":"<p>LST Gr\u00e4vskopa sl\u00e4tst\u00e5l S50 S50 450liter B800 pris 15000kr exkl moms, fri frakt. Slitstarka, robusta och kvalitativa skopor designad f\u00f6r l\u00e5ng livsl\u00e4ngd. Konstruerad f\u00f6r enkel intr\u00e4ngning i alla typer av material. Tillverkas i h\u00f6gh\u00e5llfast material s\u00e5som Hardox 450 och domex 650 f\u00f6r b\u00e4sta h\u00e5llbarhet. Produkten \u00e4r CE-m\u00e4rkt och svensktillverkad av Carrus.<\/p>","protected":false},"featured_media":5534,"comment_status":"closed","ping_status":"closed","template":"","meta":{"_acf_changed":false},"product_brand":[76],"product_cat":[50,51,68,48],"product_tag":[],"class_list":{"0":"post-5447","1":"product","2":"type-product","3":"status-publish","4":"has-post-thumbnail","6":"product_brand-lst-trading","7":"product_cat-butik","8":"product_cat-skopor","9":"product_cat-skopor-redskap-gravmaskiner","10":"product_cat-utforsaljning","11":"product_shipping_class-fri-frakt","13":"first","14":"instock","15":"sale","16":"taxable","17":"shipping-taxable","18":"purchasable","19":"product-type-simple"},"acf":[],"_links":{"self":[{"href":"https:\/\/www.antrading.se\/en\/wp-json\/wp\/v2\/product\/5447","targetHints":{"allow":["GET"]}}],"collection":[{"href":"https:\/\/www.antrading.se\/en\/wp-json\/wp\/v2\/product"}],"about":[{"href":"https:\/\/www.antrading.se\/en\/wp-json\/wp\/v2\/types\/product"}],"replies":[{"embeddable":true,"href":"https:\/\/www.antrading.se\/en\/wp-json\/wp\/v2\/comments?post=5447"}],"wp:featuredmedia":[{"embeddable":true,"href":"https:\/\/www.antrading.se\/en\/wp-json\/wp\/v2\/media\/5534"}],"wp:attachment":[{"href":"https:\/\/www.antrading.se\/en\/wp-json\/wp\/v2\/media?parent=5447"}],"wp:term":[{"taxonomy":"product_brand","embeddable":true,"href":"https:\/\/www.antrading.se\/en\/wp-json\/wp\/v2\/product_brand?post=5447"},{"taxonomy":"product_cat","embeddable":true,"href":"https:\/\/www.antrading.se\/en\/wp-json\/wp\/v2\/product_cat?post=5447"},{"taxonomy":"product_tag","embeddable":true,"href":"https:\/\/www.antrading.se\/en\/wp-json\/wp\/v2\/product_tag?post=5447"}],"curies":[{"name":"wp","href":"https:\/\/api.w.org\/{rel}","templated":true}]}}