{"id":5462,"date":"2025-06-11T12:55:06","date_gmt":"2025-06-11T10:55:06","guid":{"rendered":"https:\/\/www.antrading.se\/?post_type=product&#038;p=5462"},"modified":"2025-08-04T14:13:37","modified_gmt":"2025-08-04T12:13:37","slug":"se-s30-180-gravskopa-tander-70l-kampanj-fri-frakt","status":"publish","type":"product","link":"https:\/\/www.antrading.se\/en\/product\/se-s30-180-gravskopa-tander-70l-kampanj-fri-frakt\/","title":{"rendered":"SE S30\/180 Gr\u00e4vskopa T\u00e4nder 70L Kampanj fri frakt"},"content":{"rendered":"<div id=\"Description\" class=\"description fw-tab-pane fade active in\">\n<div class=\"text\">\n<p>V\u00e5ra skopor \u00e4r konstruerade f\u00f6r att klara tuffa markf\u00f6rh\u00e5llanden och h\u00e5rda tag.<\/p>\n<p>Med sin l\u00e4ttg\u00e5ende form g\u00f6r att den snabbt och effektivt tr\u00e4nger in i materialet och l\u00e4tt fyller skopan.<\/p>\n<p>Gr\u00e4vskopan hanterar material s\u00e5som jord, lera och sand, samt jordmaterial med\u00a0mer stenigt inneh\u00e5ll t.ex\u00a0grus och sm\u00e5\/mellanstora stenar.<\/p>\n<p>I produktionen anv\u00e4nds material av h\u00f6gsta kvalitet f\u00f6r att kunna m\u00f6ta behoven inom prestanda, s\u00e4kerhet och livsl\u00e4ngd.<\/p>\n<\/div>\n<\/div>\n<div class=\"ritab-properties\">\n<div class=\"ritab-properties\">\n<h4>Teknisk data<\/h4>\n<div class=\"egenskaper\"><span class=\"D6752_label\">Vikt <\/span><span class=\"D6752_value\">60kg<\/span><\/div>\n<div class=\"egenskaper\"><span class=\"D6751_label\">H\u00f6jd <\/span><span class=\"D6751_value\">391mm<\/span><\/div>\n<div class=\"egenskaper\"><span class=\"D6736_label\">Djup <\/span><span class=\"D6736_value\">555mm<\/span><\/div>\n<div class=\"egenskaper\"><span class=\"D6743_label\">Bredd <\/span><span class=\"D6743_value\">500mm<\/span><\/div>\n<div class=\"egenskaper\"><span class=\"D6742_label\">Rekommenderad maskinvikt <\/span><span class=\"D6742_value\">0-2 Ton<\/span><\/div>\n<div class=\"egenskaper\"><span class=\"D6730_label\">Volym <\/span><span class=\"D6730_value\">70L<\/span><\/div>\n<div class=\"egenskaper\"><span class=\"D6718_label\">Typ <\/span><span class=\"D6718_value\">Mekanisk<\/span><\/div>\n<div class=\"row\" data-r=\"0\">\n<div class=\"cell\">F\u00e4ste<\/div>\n<div class=\"cell\">S30\/180<\/div>\n<\/div>\n<div class=\"row\" data-r=\"1\">\n<div class=\"cell\">Dimension<\/div>\n<div class=\"cell\">Tand 2&#8243;<\/div>\n<\/div>\n<div class=\"row\" data-r=\"2\">\n<div class=\"cell\">Produkt<\/div>\n<div class=\"cell\">Gr\u00e4vskopor<\/div>\n<\/div>\n<div class=\"row\" data-r=\"3\">\n<div class=\"cell\">Variant<\/div>\n<div class=\"cell\">T\u00e4nder<\/div>\n<\/div>\n<\/div>\n<\/div>\n<p>Pris: 9500kr exkl moms, frakt 500kr, fri frakt vid k\u00f6p av 3st S30 redskap samtidigt (frakt justeras i efterhand)<\/p>\n<p>&nbsp;<\/p>\n<p>&nbsp;<\/p>","protected":false},"excerpt":{"rendered":"<p>V\u00e5ra skopor \u00e4r konstruerade f\u00f6r att klara tuffa markf\u00f6rh\u00e5llanden och h\u00e5rda tag. Med sin l\u00e4ttg\u00e5ende form g\u00f6r att den snabbt och effektivt tr\u00e4nger in i materialet och l\u00e4tt fyller skopan. Gr\u00e4vskopan hanterar material s\u00e5som jord, lera och sand, samt jordmaterial med\u00a0mer stenigt inneh\u00e5ll t.ex\u00a0grus och sm\u00e5\/mellanstora stenar. I produktionen anv\u00e4nds material av h\u00f6gsta kvalitet f\u00f6r [&hellip;]<\/p>","protected":false},"featured_media":5535,"comment_status":"closed","ping_status":"closed","template":"","meta":{"_acf_changed":false},"product_brand":[75],"product_cat":[50,51,68],"product_tag":[],"class_list":{"0":"post-5462","1":"product","2":"type-product","3":"status-publish","4":"has-post-thumbnail","6":"product_brand-se-equipment","7":"product_cat-butik","8":"product_cat-skopor","9":"product_cat-skopor-redskap-gravmaskiner","10":"product_shipping_class-fri-frakt","12":"first","13":"instock","14":"taxable","15":"shipping-taxable","16":"purchasable","17":"product-type-simple"},"acf":[],"_links":{"self":[{"href":"https:\/\/www.antrading.se\/en\/wp-json\/wp\/v2\/product\/5462","targetHints":{"allow":["GET"]}}],"collection":[{"href":"https:\/\/www.antrading.se\/en\/wp-json\/wp\/v2\/product"}],"about":[{"href":"https:\/\/www.antrading.se\/en\/wp-json\/wp\/v2\/types\/product"}],"replies":[{"embeddable":true,"href":"https:\/\/www.antrading.se\/en\/wp-json\/wp\/v2\/comments?post=5462"}],"wp:featuredmedia":[{"embeddable":true,"href":"https:\/\/www.antrading.se\/en\/wp-json\/wp\/v2\/media\/5535"}],"wp:attachment":[{"href":"https:\/\/www.antrading.se\/en\/wp-json\/wp\/v2\/media?parent=5462"}],"wp:term":[{"taxonomy":"product_brand","embeddable":true,"href":"https:\/\/www.antrading.se\/en\/wp-json\/wp\/v2\/product_brand?post=5462"},{"taxonomy":"product_cat","embeddable":true,"href":"https:\/\/www.antrading.se\/en\/wp-json\/wp\/v2\/product_cat?post=5462"},{"taxonomy":"product_tag","embeddable":true,"href":"https:\/\/www.antrading.se\/en\/wp-json\/wp\/v2\/product_tag?post=5462"}],"curies":[{"name":"wp","href":"https:\/\/api.w.org\/{rel}","templated":true}]}}