{"id":5464,"date":"2025-06-11T12:55:07","date_gmt":"2025-06-11T10:55:07","guid":{"rendered":"https:\/\/www.antrading.se\/?post_type=product&#038;p=5464"},"modified":"2025-08-25T11:09:28","modified_gmt":"2025-08-25T09:09:28","slug":"se-s30-180-tjalrivare-2-tand-kampanj-fri-frakt","status":"publish","type":"product","link":"https:\/\/www.antrading.se\/en\/product\/se-s30-180-tjalrivare-2-tand-kampanj-fri-frakt\/","title":{"rendered":"SE S30\/180 Tj\u00e4lrivare 2&#8243; tand Kampanj fri frakt"},"content":{"rendered":"<div id=\"Description\" class=\"description fw-tab-pane fade active in\">\n<div class=\"text\">\n<p>Tj\u00e4lrivaren har en stabil och gedigen konstruktion f\u00f6r att t\u00e5la tuffa f\u00f6rh\u00e5llanden.<\/p>\n<p>Anv\u00e4nds b.la f\u00f6r att riva upp gammal asfalt, l\u00e4ttare betongkonstruktioner, l\u00f6sare bergarter samt tj\u00e4lad mark.<\/p>\n<p>Tillverkad i h\u00f6gkvalitativt st\u00e5l f\u00f6r att ge b\u00e4sta m\u00f6jliga livsl\u00e4ngd.<\/p>\n<\/div>\n<\/div>\n<div class=\"ritab-properties\">\n<div class=\"ritab-properties\">\n<div class=\"ritab-properties\">\n<div class=\"ritab-properties\">\n<h4>Teknisk data<\/h4>\n<div class=\"egenskaper\"><span class=\"D6752_label\">Vikt <\/span><span class=\"D6752_value\">46 kg<\/span><\/div>\n<div class=\"egenskaper\"><span class=\"D6751_label\">H\u00f6jd <\/span><span class=\"D6751_value\">475mm<\/span><\/div>\n<div class=\"egenskaper\"><span class=\"D6736_label\">Djup <\/span><span class=\"D6736_value\">318mm<\/span><\/div>\n<div class=\"egenskaper\"><span class=\"D6743_label\">Bredd <\/span><span class=\"D6743_value\">234mm<\/span><\/div>\n<div class=\"egenskaper\"><span class=\"D6742_label\">Rekommenderad maskinvikt <\/span><span class=\"D6742_value\">0-2 Ton<\/span><\/div>\n<div class=\"row\" data-r=\"0\">\n<div class=\"cell\">F\u00e4ste<\/div>\n<div class=\"cell\">S30\/180<\/div>\n<\/div>\n<div class=\"row\" data-r=\"1\">\n<div class=\"cell\">Dimension<\/div>\n<div class=\"cell\">Tand 2&#8243;<\/div>\n<\/div>\n<div class=\"row\" data-r=\"2\">\n<div class=\"cell\">Produkt<\/div>\n<div class=\"cell\">Tj\u00e4lrivare<\/div>\n<\/div>\n<\/div>\n<\/div>\n<\/div>\n<\/div>\n<p>Pris: 5900kr exkl moms, frakt 500kr, fri frakt vid k\u00f6p av 3st S30 redskap samtidigt (frakt justeras i efterhand)<\/p>\n<p>&nbsp;<\/p>\n<p>&nbsp;<\/p>","protected":false},"excerpt":{"rendered":"<p>Tj\u00e4lrivaren har en stabil och gedigen konstruktion f\u00f6r att t\u00e5la tuffa f\u00f6rh\u00e5llanden. Anv\u00e4nds b.la f\u00f6r att riva upp gammal asfalt, l\u00e4ttare betongkonstruktioner, l\u00f6sare bergarter samt tj\u00e4lad mark. Tillverkad i h\u00f6gkvalitativt st\u00e5l f\u00f6r att ge b\u00e4sta m\u00f6jliga livsl\u00e4ngd. Teknisk data Vikt 46 kg H\u00f6jd 475mm Djup 318mm Bredd 234mm Rekommenderad maskinvikt 0-2 Ton F\u00e4ste S30\/180 Dimension [&hellip;]<\/p>","protected":false},"featured_media":5537,"comment_status":"closed","ping_status":"closed","template":"","meta":{"_acf_changed":false},"product_brand":[75],"product_cat":[50,68,51],"product_tag":[],"class_list":{"0":"post-5464","1":"product","2":"type-product","3":"status-publish","4":"has-post-thumbnail","6":"product_brand-se-equipment","7":"product_cat-butik","8":"product_cat-skopor-redskap-gravmaskiner","9":"product_cat-skopor","10":"product_shipping_class-fri-frakt","12":"first","13":"instock","14":"taxable","15":"shipping-taxable","16":"purchasable","17":"product-type-simple"},"acf":[],"_links":{"self":[{"href":"https:\/\/www.antrading.se\/en\/wp-json\/wp\/v2\/product\/5464","targetHints":{"allow":["GET"]}}],"collection":[{"href":"https:\/\/www.antrading.se\/en\/wp-json\/wp\/v2\/product"}],"about":[{"href":"https:\/\/www.antrading.se\/en\/wp-json\/wp\/v2\/types\/product"}],"replies":[{"embeddable":true,"href":"https:\/\/www.antrading.se\/en\/wp-json\/wp\/v2\/comments?post=5464"}],"wp:featuredmedia":[{"embeddable":true,"href":"https:\/\/www.antrading.se\/en\/wp-json\/wp\/v2\/media\/5537"}],"wp:attachment":[{"href":"https:\/\/www.antrading.se\/en\/wp-json\/wp\/v2\/media?parent=5464"}],"wp:term":[{"taxonomy":"product_brand","embeddable":true,"href":"https:\/\/www.antrading.se\/en\/wp-json\/wp\/v2\/product_brand?post=5464"},{"taxonomy":"product_cat","embeddable":true,"href":"https:\/\/www.antrading.se\/en\/wp-json\/wp\/v2\/product_cat?post=5464"},{"taxonomy":"product_tag","embeddable":true,"href":"https:\/\/www.antrading.se\/en\/wp-json\/wp\/v2\/product_tag?post=5464"}],"curies":[{"name":"wp","href":"https:\/\/api.w.org\/{rel}","templated":true}]}}