{"id":5486,"date":"2025-06-11T12:55:38","date_gmt":"2025-06-11T10:55:38","guid":{"rendered":"https:\/\/www.antrading.se\/?post_type=product&#038;p=5486"},"modified":"2026-03-21T08:14:30","modified_gmt":"2026-03-21T07:14:30","slug":"se-l30-jcb-409-klaffskopa-17m%c2%b3-2200mm","status":"publish","type":"product","link":"https:\/\/www.antrading.se\/en\/product\/se-l30-jcb-409-klaffskopa-17m%c2%b3-2200mm\/","title":{"rendered":"SE L30\/JCB 409 Klaffskopa 1,7m\u00b3 2200mm"},"content":{"rendered":"<div id=\"Description\" class=\"description fw-tab-pane fade active in\">\n<div class=\"text\">\n<p>Klaffskopan fr\u00e5n SE Equipment \u00e4r ett perfekt redskap p\u00e5 s\u00e5v\u00e4l stor som sm\u00e5 ytor.<\/p>\n<p>Tack vare de hydrauliska vingarna och att man samtidigt kan b\u00e4ra bort sn\u00f6massorna blir klaffskopan ett flexibelt sn\u00f6r\u00f6jningsredskap.<\/p>\n<p>Den extra l\u00e5nga bottnen och med siktgaller f\u00e5r man en optimal visibilitet \u00f6ver sk\u00e4ret.<\/p>\n<p>Skopan har en rundad bakkant vilket g\u00f6r att sn\u00f6massorna vid t\u00f6mning\/tippning l\u00e4ttare faller ur.<\/p>\n<p>Vingarna \u00e4r individuellt st\u00e4llbara och\u00a0medf\u00f6r d\u00e4rf\u00f6r en\u00a0varierande\u00a0arbetsbredd.<\/p>\n<p>Med fj\u00e4drande\u00a0isrivarsk\u00e4r \u00e4r olika vinklar p\u00e5 skopan m\u00f6jlig.<\/p>\n<p>F\u00f6r att underl\u00e4tta byte till v\u00e4gst\u00e5l\u00a0\u00e4r det\u00a0standard h\u00e5lbild p\u00e5 bas\/sparsk\u00e4r.<\/p>\n<p>F\u00f6rsedd med ackumulatorer och dubbla chockventiler.<\/p>\n<\/div>\n<\/div>\n<div class=\"ritab-properties\">\n<div class=\"ritab-properties\">\n<h4>Teknisk data<\/h4>\n<div class=\"egenskaper\"><span class=\"D6752_label\">Vikt <\/span><span class=\"D6752_value\">674 kg<\/span><\/div>\n<div class=\"egenskaper\"><span class=\"D6751_label\">H\u00f6jd <\/span><span class=\"D6751_value\">1010mm<\/span><\/div>\n<div class=\"egenskaper\"><span class=\"D6736_label\">Djup <\/span><span class=\"D6736_value\">1140mm<\/span><\/div>\n<div class=\"egenskaper\"><span class=\"D6743_label\">Bredd <\/span><span class=\"D6743_value\">2200mm<\/span><\/div>\n<div class=\"egenskaper\"><span class=\"D6733_label\">Volym m3 <\/span><span class=\"D6733_value\">1,7<\/span><\/div>\n<div class=\"egenskaper\"><span class=\"D6730_label\">Volym <\/span><span class=\"D6730_value\">1700L<\/span><\/div>\n<div class=\"row\" data-r=\"0\">\n<div class=\"cell\">F\u00e4ste L30\/JCB 409<\/div>\n<\/div>\n<\/div>\n<\/div>\n<p>Levereras med 2st slangar och TEMA snabbkoppling samt elkablage.<\/p>\n<p>Leasing m\u00f6jlig till f\u00f6retag.<\/p>","protected":false},"excerpt":{"rendered":"<p>Klaffskopan fr\u00e5n SE Equipment \u00e4r ett perfekt redskap p\u00e5 s\u00e5v\u00e4l stor som sm\u00e5 ytor. Tack vare de hydrauliska vingarna och att man samtidigt kan b\u00e4ra bort sn\u00f6massorna blir klaffskopan ett flexibelt sn\u00f6r\u00f6jningsredskap. Den extra l\u00e5nga bottnen och med siktgaller f\u00e5r man en optimal visibilitet \u00f6ver sk\u00e4ret. Skopan har en rundad bakkant vilket g\u00f6r att sn\u00f6massorna [&hellip;]<\/p>","protected":false},"featured_media":5559,"comment_status":"closed","ping_status":"closed","template":"","meta":{"_acf_changed":false},"product_brand":[75],"product_cat":[50,45,49,44,51,67,48],"product_tag":[],"class_list":{"0":"post-5486","1":"product","2":"type-product","3":"status-publish","4":"has-post-thumbnail","6":"product_brand-se-equipment","7":"product_cat-butik","8":"product_cat-redskap-hjullastare","9":"product_cat-kampanjer","10":"product_cat-redskap","11":"product_cat-skopor","12":"product_cat-skopor-redskap-hjullastare","13":"product_cat-utforsaljning","14":"product_shipping_class-1-500kr","16":"first","17":"instock","18":"sale","19":"taxable","20":"shipping-taxable","21":"purchasable","22":"product-type-simple"},"acf":[],"_links":{"self":[{"href":"https:\/\/www.antrading.se\/en\/wp-json\/wp\/v2\/product\/5486","targetHints":{"allow":["GET"]}}],"collection":[{"href":"https:\/\/www.antrading.se\/en\/wp-json\/wp\/v2\/product"}],"about":[{"href":"https:\/\/www.antrading.se\/en\/wp-json\/wp\/v2\/types\/product"}],"replies":[{"embeddable":true,"href":"https:\/\/www.antrading.se\/en\/wp-json\/wp\/v2\/comments?post=5486"}],"wp:featuredmedia":[{"embeddable":true,"href":"https:\/\/www.antrading.se\/en\/wp-json\/wp\/v2\/media\/5559"}],"wp:attachment":[{"href":"https:\/\/www.antrading.se\/en\/wp-json\/wp\/v2\/media?parent=5486"}],"wp:term":[{"taxonomy":"product_brand","embeddable":true,"href":"https:\/\/www.antrading.se\/en\/wp-json\/wp\/v2\/product_brand?post=5486"},{"taxonomy":"product_cat","embeddable":true,"href":"https:\/\/www.antrading.se\/en\/wp-json\/wp\/v2\/product_cat?post=5486"},{"taxonomy":"product_tag","embeddable":true,"href":"https:\/\/www.antrading.se\/en\/wp-json\/wp\/v2\/product_tag?post=5486"}],"curies":[{"name":"wp","href":"https:\/\/api.w.org\/{rel}","templated":true}]}}