{"id":5507,"date":"2025-06-11T12:56:12","date_gmt":"2025-06-11T10:56:12","guid":{"rendered":"https:\/\/www.antrading.se\/?post_type=product&#038;p=5507"},"modified":"2025-10-08T10:20:45","modified_gmt":"2025-10-08T08:20:45","slug":"ant-s40-kabelskopa-60liter","status":"publish","type":"product","link":"https:\/\/www.antrading.se\/en\/product\/ant-s40-kabelskopa-60liter\/","title":{"rendered":"ANT S40 kabelskopa 60liter"},"content":{"rendered":"<p>NY kabelskopa med S40 f\u00e4ste. Mycket gedigen och kraftigt byggd. H\u00e4rdat sk\u00e4rst\u00e5l.<\/p>\n<p>Pris endast 5500kr ex moms.<\/p>\n<p>Volym 60L<\/p>\n<p>Vikt 65kg<\/p>\n<p>Sk\u00e4rst\u00e5l 20x200mm<\/p>\n<p>Bredd 300mm<\/p>\n<p>L\u00e4ngd 800mm<\/p>\n<p>H\u00f6jd inv\u00e4ndigt 450mm<\/p>\n<p>Pris: 5500kr exkl moms.<\/p>","protected":false},"excerpt":{"rendered":"<p>NY kabelskopa med S40 f\u00e4ste. Mycket gedigen och kraftigt byggd. H\u00e4rdat sk\u00e4rst\u00e5l. Pris endast 5500kr ex moms. Volym 60L Vikt 65kg Sk\u00e4rst\u00e5l 20x200mm Bredd 300mm L\u00e4ngd 800mm H\u00f6jd inv\u00e4ndigt 450mm Pris: 5500kr exkl moms.<\/p>","protected":false},"featured_media":5563,"comment_status":"closed","ping_status":"closed","template":"","meta":{"_acf_changed":false},"product_brand":[],"product_cat":[50,51,68],"product_tag":[],"class_list":{"0":"post-5507","1":"product","2":"type-product","3":"status-publish","4":"has-post-thumbnail","6":"product_cat-butik","7":"product_cat-skopor","8":"product_cat-skopor-redskap-gravmaskiner","9":"product_shipping_class-fri-frakt","11":"first","12":"instock","13":"sale","14":"taxable","15":"shipping-taxable","16":"purchasable","17":"product-type-simple"},"acf":[],"_links":{"self":[{"href":"https:\/\/www.antrading.se\/en\/wp-json\/wp\/v2\/product\/5507","targetHints":{"allow":["GET"]}}],"collection":[{"href":"https:\/\/www.antrading.se\/en\/wp-json\/wp\/v2\/product"}],"about":[{"href":"https:\/\/www.antrading.se\/en\/wp-json\/wp\/v2\/types\/product"}],"replies":[{"embeddable":true,"href":"https:\/\/www.antrading.se\/en\/wp-json\/wp\/v2\/comments?post=5507"}],"wp:featuredmedia":[{"embeddable":true,"href":"https:\/\/www.antrading.se\/en\/wp-json\/wp\/v2\/media\/5563"}],"wp:attachment":[{"href":"https:\/\/www.antrading.se\/en\/wp-json\/wp\/v2\/media?parent=5507"}],"wp:term":[{"taxonomy":"product_brand","embeddable":true,"href":"https:\/\/www.antrading.se\/en\/wp-json\/wp\/v2\/product_brand?post=5507"},{"taxonomy":"product_cat","embeddable":true,"href":"https:\/\/www.antrading.se\/en\/wp-json\/wp\/v2\/product_cat?post=5507"},{"taxonomy":"product_tag","embeddable":true,"href":"https:\/\/www.antrading.se\/en\/wp-json\/wp\/v2\/product_tag?post=5507"}],"curies":[{"name":"wp","href":"https:\/\/api.w.org\/{rel}","templated":true}]}}