{"id":5527,"date":"2025-06-11T12:56:41","date_gmt":"2025-06-11T10:56:41","guid":{"rendered":"https:\/\/www.antrading.se\/?post_type=product&#038;p=5527"},"modified":"2025-08-04T14:09:09","modified_gmt":"2025-08-04T12:09:09","slug":"standarddack-med-falg-passande-everun-er28","status":"publish","type":"product","link":"https:\/\/www.antrading.se\/en\/product\/standarddack-med-falg-passande-everun-er28\/","title":{"rendered":"Standardd\u00e4ck med f\u00e4lg passande EVERUN ER28"},"content":{"rendered":"<p>4st kompletta hjul passande EVERUN ER28 (s\u00e4ljs i set om 4st)<\/p>\n<p>D\u00e4ckdimension 17.5-25<\/p>\n<p>Obetydligt anv\u00e4nda, nyskick<\/p>\n<p>Pris 20000kr\/4st exkl moms<\/p>\n<p>Frakt max 3000kr, maila f\u00f6r fraktpris (ange postnr f\u00f6r fraktber\u00e4kning)<\/p>","protected":false},"excerpt":{"rendered":"<p>4st kompletta hjul passande EVERUN ER28 (s\u00e4ljs i set om 4st) D\u00e4ckdimension 17.5-25 Obetydligt anv\u00e4nda, nyskick Pris 20000kr\/4st exkl moms Frakt max 3000kr, maila f\u00f6r fraktpris (ange postnr f\u00f6r fraktber\u00e4kning)<\/p>","protected":false},"featured_media":5590,"comment_status":"closed","ping_status":"closed","template":"","meta":{"_acf_changed":false},"product_brand":[],"product_cat":[50,63],"product_tag":[],"class_list":{"0":"post-5527","1":"product","2":"type-product","3":"status-publish","4":"has-post-thumbnail","6":"product_cat-butik","7":"product_cat-reservdelar","8":"product_shipping_class-3-000kr","10":"first","11":"instock","12":"taxable","13":"shipping-taxable","14":"purchasable","15":"product-type-simple"},"acf":[],"_links":{"self":[{"href":"https:\/\/www.antrading.se\/en\/wp-json\/wp\/v2\/product\/5527","targetHints":{"allow":["GET"]}}],"collection":[{"href":"https:\/\/www.antrading.se\/en\/wp-json\/wp\/v2\/product"}],"about":[{"href":"https:\/\/www.antrading.se\/en\/wp-json\/wp\/v2\/types\/product"}],"replies":[{"embeddable":true,"href":"https:\/\/www.antrading.se\/en\/wp-json\/wp\/v2\/comments?post=5527"}],"wp:featuredmedia":[{"embeddable":true,"href":"https:\/\/www.antrading.se\/en\/wp-json\/wp\/v2\/media\/5590"}],"wp:attachment":[{"href":"https:\/\/www.antrading.se\/en\/wp-json\/wp\/v2\/media?parent=5527"}],"wp:term":[{"taxonomy":"product_brand","embeddable":true,"href":"https:\/\/www.antrading.se\/en\/wp-json\/wp\/v2\/product_brand?post=5527"},{"taxonomy":"product_cat","embeddable":true,"href":"https:\/\/www.antrading.se\/en\/wp-json\/wp\/v2\/product_cat?post=5527"},{"taxonomy":"product_tag","embeddable":true,"href":"https:\/\/www.antrading.se\/en\/wp-json\/wp\/v2\/product_tag?post=5527"}],"curies":[{"name":"wp","href":"https:\/\/api.w.org\/{rel}","templated":true}]}}