{"id":5543,"date":"2025-06-11T12:57:09","date_gmt":"2025-06-11T10:57:09","guid":{"rendered":"https:\/\/www.antrading.se\/?post_type=product&#038;p=5543"},"modified":"2025-08-04T14:08:46","modified_gmt":"2025-08-04T12:08:46","slug":"se-hydrauliskt-gaffelstall-10ton-b-2-2m-stora-bm","status":"publish","type":"product","link":"https:\/\/www.antrading.se\/en\/product\/se-hydrauliskt-gaffelstall-10ton-b-2-2m-stora-bm\/","title":{"rendered":"SE Hydrauliskt gaffelst\u00e4ll 10ton B 2.2m Stora BM"},"content":{"rendered":"<p>Robusta hydrauliska gaffelst\u00e4ll till lastmaskiner, som uppfyller dagens h\u00f6gt st\u00e4llda krav p\u00e5 s\u00e4kerhet och kvalitet.<\/p>\n<p>Med den hydrauliska justeringen blir det enkelt och smidigt att anpassa till de olika lyftbehoven.<\/p>\n<p>Konstruktionen av gaffelst\u00e4llet ger f\u00f6raren en optimal genomsikt fr\u00e5n f\u00f6rarplatsen.<\/p>\n<p>Gafflarna flyttas hydrauliskt med gaffelspridning som standard.<\/p>\n<p>Levereras komplett med slang och snabbkoppling TEMA 3\/4&#8243;<\/p>\n<div class=\"egenskaper\"><\/div>\n<p>Kapacitet: 10000kg<\/p>\n<p>Gaffelspridning<\/p>\n<p>Bredd: 2200mm<\/p>\n<p>Gaffell\u00e4ngd: 1600mm<\/p>\n<p>Vikt: 900kg<\/p>\n<div class=\"row\" data-r=\"2\"><\/div>\n<p>Frakt kan ordnas. Finns i lager f\u00f6r direktleverans.<\/p>","protected":false},"excerpt":{"rendered":"<p>Robusta hydrauliska gaffelst\u00e4ll till lastmaskiner, som uppfyller dagens h\u00f6gt st\u00e4llda krav p\u00e5 s\u00e4kerhet och kvalitet. Med den hydrauliska justeringen blir det enkelt och smidigt att anpassa till de olika lyftbehoven. Konstruktionen av gaffelst\u00e4llet ger f\u00f6raren en optimal genomsikt fr\u00e5n f\u00f6rarplatsen. Gafflarna flyttas hydrauliskt med gaffelspridning som standard. Levereras komplett med slang och snabbkoppling TEMA 3\/4&#8243; [&hellip;]<\/p>","protected":false},"featured_media":5598,"comment_status":"closed","ping_status":"closed","template":"","meta":{"_acf_changed":false},"product_brand":[75],"product_cat":[50,60],"product_tag":[],"class_list":{"0":"post-5543","1":"product","2":"type-product","3":"status-publish","4":"has-post-thumbnail","6":"product_brand-se-equipment","7":"product_cat-butik","8":"product_cat-pallgafflar","10":"first","11":"outofstock","12":"taxable","13":"shipping-taxable","14":"product-type-simple"},"acf":[],"_links":{"self":[{"href":"https:\/\/www.antrading.se\/en\/wp-json\/wp\/v2\/product\/5543","targetHints":{"allow":["GET"]}}],"collection":[{"href":"https:\/\/www.antrading.se\/en\/wp-json\/wp\/v2\/product"}],"about":[{"href":"https:\/\/www.antrading.se\/en\/wp-json\/wp\/v2\/types\/product"}],"replies":[{"embeddable":true,"href":"https:\/\/www.antrading.se\/en\/wp-json\/wp\/v2\/comments?post=5543"}],"wp:featuredmedia":[{"embeddable":true,"href":"https:\/\/www.antrading.se\/en\/wp-json\/wp\/v2\/media\/5598"}],"wp:attachment":[{"href":"https:\/\/www.antrading.se\/en\/wp-json\/wp\/v2\/media?parent=5543"}],"wp:term":[{"taxonomy":"product_brand","embeddable":true,"href":"https:\/\/www.antrading.se\/en\/wp-json\/wp\/v2\/product_brand?post=5543"},{"taxonomy":"product_cat","embeddable":true,"href":"https:\/\/www.antrading.se\/en\/wp-json\/wp\/v2\/product_cat?post=5543"},{"taxonomy":"product_tag","embeddable":true,"href":"https:\/\/www.antrading.se\/en\/wp-json\/wp\/v2\/product_tag?post=5543"}],"curies":[{"name":"wp","href":"https:\/\/api.w.org\/{rel}","templated":true}]}}