{"id":5545,"date":"2025-06-11T12:57:10","date_gmt":"2025-06-11T10:57:10","guid":{"rendered":"https:\/\/www.antrading.se\/?post_type=product&#038;p=5545"},"modified":"2026-02-13T14:08:36","modified_gmt":"2026-02-13T13:08:36","slug":"se-hydrauliskt-gaffelstall-7ton-stora-bm-2-2m","status":"publish","type":"product","link":"https:\/\/www.antrading.se\/en\/product\/se-hydrauliskt-gaffelstall-7ton-stora-bm-2-2m\/","title":{"rendered":"SE Hydrauliskt gaffelst\u00e4ll 7ton Stora BM 2.2m"},"content":{"rendered":"<p>Robusta hydrauliska gaffelst\u00e4ll till lastmaskiner, som uppfyller dagens h\u00f6gt st\u00e4llda krav p\u00e5 s\u00e4kerhet och kvalitet.<\/p>\n<p>Med den hydrauliska justeringen blir det enkelt och smidigt att anpassa till de olika lyftbehoven.<\/p>\n<p>Konstruktionen av gaffelst\u00e4llet ger f\u00f6raren en optimal genomsikt fr\u00e5n f\u00f6rarplatsen.<\/p>\n<p>Gafflarna flyttas hydrauliskt med gaffelspridning som standard.<\/p>\n<p>Levereras komplett med slang och snabbkoppling TEMA 3\/4&#8243;<\/p>\n<div class=\"egenskaper\"><\/div>\n<p>Kapacitet: 7000kg<\/p>\n<p>Gaffelspridning<\/p>\n<p>Bredd: 2200mm<\/p>\n<p>Gaffell\u00e4ngd: 1600mm<\/p>\n<p>Bef. gaffel: 150x50mm<\/p>\n<p>Vikt: 642kg<\/p>\n<div class=\"product-update-info\"><\/div>\n<p>Frakt kan ordnas\u00a0 Finns i lager f\u00f6r direktleverans.<\/p>\n<p>&nbsp;<\/p>","protected":false},"excerpt":{"rendered":"<p>Robusta hydrauliska gaffelst\u00e4ll till lastmaskiner, som uppfyller dagens h\u00f6gt st\u00e4llda krav p\u00e5 s\u00e4kerhet och kvalitet.<\/p>\n<p>Med den hydrauliska justeringen blir det enkelt och smidigt att anpassa till de olika lyftbehoven.<\/p>","protected":false},"featured_media":5593,"comment_status":"closed","ping_status":"closed","template":"","meta":{"_acf_changed":false},"product_brand":[75],"product_cat":[50,45,49,60,44],"product_tag":[],"class_list":{"0":"post-5545","1":"product","2":"type-product","3":"status-publish","4":"has-post-thumbnail","6":"product_brand-se-equipment","7":"product_cat-butik","8":"product_cat-redskap-hjullastare","9":"product_cat-kampanjer","10":"product_cat-pallgafflar","11":"product_cat-redskap","12":"product_shipping_class-fri-frakt","14":"first","15":"instock","16":"sale","17":"taxable","18":"shipping-taxable","19":"purchasable","20":"product-type-simple"},"acf":[],"_links":{"self":[{"href":"https:\/\/www.antrading.se\/en\/wp-json\/wp\/v2\/product\/5545","targetHints":{"allow":["GET"]}}],"collection":[{"href":"https:\/\/www.antrading.se\/en\/wp-json\/wp\/v2\/product"}],"about":[{"href":"https:\/\/www.antrading.se\/en\/wp-json\/wp\/v2\/types\/product"}],"replies":[{"embeddable":true,"href":"https:\/\/www.antrading.se\/en\/wp-json\/wp\/v2\/comments?post=5545"}],"wp:featuredmedia":[{"embeddable":true,"href":"https:\/\/www.antrading.se\/en\/wp-json\/wp\/v2\/media\/5593"}],"wp:attachment":[{"href":"https:\/\/www.antrading.se\/en\/wp-json\/wp\/v2\/media?parent=5545"}],"wp:term":[{"taxonomy":"product_brand","embeddable":true,"href":"https:\/\/www.antrading.se\/en\/wp-json\/wp\/v2\/product_brand?post=5545"},{"taxonomy":"product_cat","embeddable":true,"href":"https:\/\/www.antrading.se\/en\/wp-json\/wp\/v2\/product_cat?post=5545"},{"taxonomy":"product_tag","embeddable":true,"href":"https:\/\/www.antrading.se\/en\/wp-json\/wp\/v2\/product_tag?post=5545"}],"curies":[{"name":"wp","href":"https:\/\/api.w.org\/{rel}","templated":true}]}}