{"id":5564,"date":"2025-06-11T12:57:35","date_gmt":"2025-06-11T10:57:35","guid":{"rendered":"https:\/\/www.antrading.se\/?post_type=product&#038;p=5564"},"modified":"2026-04-16T10:50:29","modified_gmt":"2026-04-16T08:50:29","slug":"se-timmergrip-sms-trima-l30","status":"publish","type":"product","link":"https:\/\/www.antrading.se\/en\/product\/se-timmergrip-sms-trima-l30\/","title":{"rendered":"SE Timmergrip SMS\/Trima L30"},"content":{"rendered":"<p>Mycket prisv\u00e4rd timmergrip.<\/p>\n<p>V\u00e5r timmergrip \u00e4r anpassad f\u00f6r att enkelt hantera buskar, ved eller virke. Tack vare designen med de dubbla hydraulcylindrarna kan timmergripen \u00e4ven h\u00e5lla l\u00e5nga stockar. P\u00e5 denna modell finns \u00e4ven en skyddspl\u00e5t f\u00f6r att hindra grenar eller annat att sl\u00e5 i slangarna.<\/p>\n<p>Kostruktionen ger en optimal genomsikt och du kan enkelt och smidigt rulla in stockarna samlat i timmergripen.<\/p>\n<p>Kan hantera olika diameter p\u00e5 timmern.<\/p>\n<p>Enkel att hantera<\/p>\n<p>Skyddspl\u00e5t och slangskydd som standard<\/p>\n<p>Dubbla hydraulcylindrar<\/p>\n<p>Genomt\u00e4nkt design<\/p>\n<p>Optimal sikt<\/p>\n<p>Hanterar buskar,ved,virke<\/p>\n<p>Inkl slang och snabbkoppling<\/p>\n<p>TEKNISK DATA<\/p>\n<p>Djup 800mm<\/p>\n<p>Bredd 1142mm<\/p>\n<p>Oljetryck, bar 160<\/p>\n<p>H\u00f6jd 933mm<\/p>\n<p>Kapacitet 2500kg<\/p>\n<p>Vikt 219 kg<\/p>\n<p>F\u00e4ste SMS eller L30<\/p>\n<p>Dimension Koppling: G3\/8&#8221;<\/p>\n<p>H\u00e4mtpris 14.900kr<\/p>\n<p>Pris inkl frakt 15.900kr (frakt g\u00e4ller fastlandet, ej \u00f6-omr\u00e5den)<\/p>\n<p>Samtliga priser exkl moms.<\/p>\n<p>Ange f\u00e4ste vid best\u00e4llning.<\/p>\n<p>&nbsp;<\/p>","protected":false},"excerpt":{"rendered":"<p>Mycket prisv\u00e4rd timmergrip. V\u00e5r timmergrip \u00e4r anpassad f\u00f6r att enkelt hantera buskar, ved eller virke. Tack vare designen med de dubbla hydraulcylindrarna kan timmergripen \u00e4ven h\u00e5lla l\u00e5nga stockar. P\u00e5 denna modell finns \u00e4ven en skyddspl\u00e5t f\u00f6r att hindra grenar eller annat att sl\u00e5 i slangarna. Kostruktionen ger en optimal genomsikt och du kan enkelt och [&hellip;]<\/p>","protected":false},"featured_media":5611,"comment_status":"closed","ping_status":"closed","template":"","meta":{"_acf_changed":false},"product_brand":[75],"product_cat":[50,45,54,44],"product_tag":[],"class_list":{"0":"post-5564","1":"product","2":"type-product","3":"status-publish","4":"has-post-thumbnail","6":"product_brand-se-equipment","7":"product_cat-butik","8":"product_cat-redskap-hjullastare","9":"product_cat-ovrigt","10":"product_cat-redskap","11":"product_shipping_class-1-000kr","13":"first","14":"instock","15":"taxable","16":"shipping-taxable","17":"purchasable","18":"product-type-simple"},"acf":[],"_links":{"self":[{"href":"https:\/\/www.antrading.se\/en\/wp-json\/wp\/v2\/product\/5564","targetHints":{"allow":["GET"]}}],"collection":[{"href":"https:\/\/www.antrading.se\/en\/wp-json\/wp\/v2\/product"}],"about":[{"href":"https:\/\/www.antrading.se\/en\/wp-json\/wp\/v2\/types\/product"}],"replies":[{"embeddable":true,"href":"https:\/\/www.antrading.se\/en\/wp-json\/wp\/v2\/comments?post=5564"}],"wp:featuredmedia":[{"embeddable":true,"href":"https:\/\/www.antrading.se\/en\/wp-json\/wp\/v2\/media\/5611"}],"wp:attachment":[{"href":"https:\/\/www.antrading.se\/en\/wp-json\/wp\/v2\/media?parent=5564"}],"wp:term":[{"taxonomy":"product_brand","embeddable":true,"href":"https:\/\/www.antrading.se\/en\/wp-json\/wp\/v2\/product_brand?post=5564"},{"taxonomy":"product_cat","embeddable":true,"href":"https:\/\/www.antrading.se\/en\/wp-json\/wp\/v2\/product_cat?post=5564"},{"taxonomy":"product_tag","embeddable":true,"href":"https:\/\/www.antrading.se\/en\/wp-json\/wp\/v2\/product_tag?post=5564"}],"curies":[{"name":"wp","href":"https:\/\/api.w.org\/{rel}","templated":true}]}}