{"id":5565,"date":"2025-06-11T12:57:35","date_gmt":"2025-06-11T10:57:35","guid":{"rendered":"https:\/\/www.antrading.se\/?post_type=product&#038;p=5565"},"modified":"2026-01-16T14:46:12","modified_gmt":"2026-01-16T13:46:12","slug":"vinterdack-med-falg-16-55-17-er16-er416-er416t","status":"publish","type":"product","link":"https:\/\/www.antrading.se\/en\/product\/vinterdack-med-falg-16-55-17-er16-er416-er416t\/","title":{"rendered":"Vinterd\u00e4ck med f\u00e4lg 16\/55-17 ER16\/ER416\/ER416T"},"content":{"rendered":"<p>4st kompletta vinterd\u00e4ck med f\u00e4lg. passar EVERUN maskiner med navruduktion tex ER16\/ER416\/ER416T mfl (s\u00e4ljs i set om 4st)<\/p>\n<p>D\u00e4ckdimension 16\/55-17<\/p>\n<p>Pris 21500kr\/4st exkl moms FRAKTFRITT (avser adress p\u00e5 fastland ej \u00f6-omr\u00e5den)<\/p>\n<p>Finns i lager f\u00f6r direktleverans.<\/p>\n<p>Kampanj tom 28\/2 endast 18.000kr exkl moms, fri frakt.<\/p>","protected":false},"excerpt":{"rendered":"<p>4st kompletta vinterd\u00e4ck med f\u00e4lg. passar EVERUN maskiner med navruduktion tex ER16\/ER416\/ER416T mfl (s\u00e4ljs i set om 4st) D\u00e4ckdimension 16\/55-17 Pris 21500kr\/4st exkl moms FRAKTFRITT (avser adress p\u00e5 fastland ej \u00f6-omr\u00e5den) Finns i lager f\u00f6r direktleverans. Kampanj tom 28\/2 endast 18.000kr exkl moms, fri frakt.<\/p>","protected":false},"featured_media":5616,"comment_status":"closed","ping_status":"closed","template":"","meta":{"_acf_changed":false},"product_brand":[],"product_cat":[50,63,48],"product_tag":[],"class_list":{"0":"post-5565","1":"product","2":"type-product","3":"status-publish","4":"has-post-thumbnail","6":"product_cat-butik","7":"product_cat-reservdelar","8":"product_cat-utforsaljning","9":"product_shipping_class-fri-frakt","11":"first","12":"instock","13":"sale","14":"taxable","15":"shipping-taxable","16":"purchasable","17":"product-type-simple"},"acf":[],"_links":{"self":[{"href":"https:\/\/www.antrading.se\/en\/wp-json\/wp\/v2\/product\/5565","targetHints":{"allow":["GET"]}}],"collection":[{"href":"https:\/\/www.antrading.se\/en\/wp-json\/wp\/v2\/product"}],"about":[{"href":"https:\/\/www.antrading.se\/en\/wp-json\/wp\/v2\/types\/product"}],"replies":[{"embeddable":true,"href":"https:\/\/www.antrading.se\/en\/wp-json\/wp\/v2\/comments?post=5565"}],"wp:featuredmedia":[{"embeddable":true,"href":"https:\/\/www.antrading.se\/en\/wp-json\/wp\/v2\/media\/5616"}],"wp:attachment":[{"href":"https:\/\/www.antrading.se\/en\/wp-json\/wp\/v2\/media?parent=5565"}],"wp:term":[{"taxonomy":"product_brand","embeddable":true,"href":"https:\/\/www.antrading.se\/en\/wp-json\/wp\/v2\/product_brand?post=5565"},{"taxonomy":"product_cat","embeddable":true,"href":"https:\/\/www.antrading.se\/en\/wp-json\/wp\/v2\/product_cat?post=5565"},{"taxonomy":"product_tag","embeddable":true,"href":"https:\/\/www.antrading.se\/en\/wp-json\/wp\/v2\/product_tag?post=5565"}],"curies":[{"name":"wp","href":"https:\/\/api.w.org\/{rel}","templated":true}]}}