{"id":5570,"date":"2025-06-11T12:57:37","date_gmt":"2025-06-11T10:57:37","guid":{"rendered":"https:\/\/www.antrading.se\/?post_type=product&#038;p=5570"},"modified":"2025-08-19T13:54:25","modified_gmt":"2025-08-19T11:54:25","slug":"se-kranarm-mekanisk-stora-bm-5ton-ny-modell-battre-tiltvinkel","status":"publish","type":"product","link":"https:\/\/www.antrading.se\/en\/product\/se-kranarm-mekanisk-stora-bm-5ton-ny-modell-battre-tiltvinkel\/","title":{"rendered":"SE Kranarm mekanisk Stora BM 5ton ny modell b\u00e4ttre tiltvinkel"},"content":{"rendered":"<div id=\"Description\" class=\"description fw-tab-pane fade active in\">\n<div class=\"text\">\n<h4>SE Kranarm mekanisk Stora BM 5ton ny modell b\u00e4ttre tiltvinkel (30 grader)<\/h4>\n<p><em>Med materialhanteringsarmen fr\u00e5n SE, blir din maskin mer effektiv.<\/em><\/p>\n<p>Med en Stora BM materialhanteringsarm fr\u00e5n SE Equipment, blir din<\/p>\n<p>maskin \u00e4nnu mer flexibel, du n\u00e5r b\u00e5de l\u00e4ngre och h\u00f6gre.<\/p>\n<p>Detta maskinredskap str\u00e4cker sig fr\u00e5n 2294-5000mm med<\/p>\n<p>kapacitet upp till 5000kg. V\u00e5r mekaniska materialhanteringsarm<\/p>\n<p>finns i m\u00e5nga olika varianter som erbjuder olika kapaciteter och r\u00e4ckvidder.<\/p>\n<p>Alla v\u00e5ra materialhanteringsarmar har ett mekaniskt s\u00e4kerhetsstopp<\/p>\n<p>som f\u00f6rhindrar att lyftarmen glider ur den fasta holken.<\/p>\n<p>Materialhanteringsarmen fr\u00e5n SE Equipment \u00e4r konstruerad med<\/p>\n<p>fokus p\u00e5 s\u00e4kerhet och kvalitet.<\/p>\n<p>Observera att kapacitet i teknisk data enbart visar<\/p>\n<p>materialhanteringsarmens kapacitet, ej kombinerat med maskin.<\/p>\n<\/div>\n<\/div>\n<div class=\"ritab-properties\" data-loaded=\"\">\n<h4 class=\"\">Teknisk data<\/h4>\n<div class=\"egenskaper\"><span class=\"D6724_label\">Min\/Max kapacitet<\/span><span class=\"D6724_value\">1055\/5000 kg<\/span><\/div>\n<div class=\"egenskaper\"><span class=\"D6750_label\">Min\/Max l\u00e4ngd<\/span><span class=\"D6750_value\">2294\/5000mm<\/span><\/div>\n<div class=\"egenskaper\"><span class=\"D6751_label\">H\u00f6jd\u00a0<\/span><span class=\"D6751_value\">790mm<\/span><\/div>\n<div class=\"egenskaper\"><span class=\"D1061_label\">Vikt, kg\u00a0<\/span><span class=\"D1061_value\">533<\/span><\/div>\n<div class=\"egenskaper\"><span class=\"D1058_label\">Bredd, mm\u00a0<\/span><span class=\"D1058_value\">1140<\/span><\/div>\n<div class=\"row\" data-r=\"0\" data-loaded=\"\">\n<div class=\"cell\">F\u00e4ste Stora BM<\/div>\n<\/div>\n<div class=\"row\" data-r=\"2\" data-loaded=\"\">\n<div class=\"cell\">Modell 3-delad<\/div>\n<\/div>\n<div><\/div>\n<\/div>\n<div><\/div>","protected":false},"excerpt":{"rendered":"<p>SE Kranarm mekanisk Stora BM 5ton ny modell b\u00e4ttre tiltvinkel (30 grader) Med materialhanteringsarmen fr\u00e5n SE, blir din maskin mer effektiv. Med en Stora BM materialhanteringsarm fr\u00e5n SE Equipment, blir din maskin \u00e4nnu mer flexibel, du n\u00e5r b\u00e5de l\u00e4ngre och h\u00f6gre. Detta maskinredskap str\u00e4cker sig fr\u00e5n 2294-5000mm med kapacitet upp till 5000kg. V\u00e5r mekaniska materialhanteringsarm [&hellip;]<\/p>","protected":false},"featured_media":5624,"comment_status":"closed","ping_status":"closed","template":"","meta":{"_acf_changed":false},"product_brand":[75],"product_cat":[50,69,54],"product_tag":[],"class_list":{"0":"post-5570","1":"product","2":"type-product","3":"status-publish","4":"has-post-thumbnail","6":"product_brand-se-equipment","7":"product_cat-butik","8":"product_cat-kranarmar","9":"product_cat-ovrigt","10":"product_shipping_class-1-500kr","12":"first","13":"instock","14":"sale","15":"taxable","16":"shipping-taxable","17":"purchasable","18":"product-type-simple"},"acf":[],"_links":{"self":[{"href":"https:\/\/www.antrading.se\/en\/wp-json\/wp\/v2\/product\/5570","targetHints":{"allow":["GET"]}}],"collection":[{"href":"https:\/\/www.antrading.se\/en\/wp-json\/wp\/v2\/product"}],"about":[{"href":"https:\/\/www.antrading.se\/en\/wp-json\/wp\/v2\/types\/product"}],"replies":[{"embeddable":true,"href":"https:\/\/www.antrading.se\/en\/wp-json\/wp\/v2\/comments?post=5570"}],"wp:featuredmedia":[{"embeddable":true,"href":"https:\/\/www.antrading.se\/en\/wp-json\/wp\/v2\/media\/5624"}],"wp:attachment":[{"href":"https:\/\/www.antrading.se\/en\/wp-json\/wp\/v2\/media?parent=5570"}],"wp:term":[{"taxonomy":"product_brand","embeddable":true,"href":"https:\/\/www.antrading.se\/en\/wp-json\/wp\/v2\/product_brand?post=5570"},{"taxonomy":"product_cat","embeddable":true,"href":"https:\/\/www.antrading.se\/en\/wp-json\/wp\/v2\/product_cat?post=5570"},{"taxonomy":"product_tag","embeddable":true,"href":"https:\/\/www.antrading.se\/en\/wp-json\/wp\/v2\/product_tag?post=5570"}],"curies":[{"name":"wp","href":"https:\/\/api.w.org\/{rel}","templated":true}]}}