{"id":5588,"date":"2025-06-11T12:58:06","date_gmt":"2025-06-11T10:58:06","guid":{"rendered":"https:\/\/www.antrading.se\/?post_type=product&#038;p=5588"},"modified":"2026-01-11T11:08:32","modified_gmt":"2026-01-11T10:08:32","slug":"redskapstilt-stora-bm-kampanj","status":"publish","type":"product","link":"https:\/\/www.antrading.se\/en\/product\/redskapstilt-stora-bm-kampanj\/","title":{"rendered":"Redskapstilt Stora BM"},"content":{"rendered":"<p>V\u00e5ran egen redskapstilt tiltadapter skevf\u00e4ste Stora BM, l\u00e4mplig f\u00f6r maskinstorlek kring L60 L70 mfl. Extremt prisv\u00e4rd.<\/p>\n<p>Gedigen och kraftig konstruktion, st\u00e5l i bra kvalit\u00e9. Redskapstilten \u00e4r utrustad med hydraulisk redskapsl\u00e5sning.<\/p>\n<p>Skevar +- 25grader<\/p>\n<p>Komplett med slang och snabbkopplingar TEMA 3\/4&#8243; (4-slang)<\/p>\n<p>Vikt 675kg<\/p>\n<p>L\u00e4mplig upp till ca 15tons maskinstorlek.<\/p>\n<p>&nbsp;<\/p>\n<p>Pris endast 79.000kr exkl moms<\/p>\n<p>Inkommer v\u00e5ren 2026.<\/p>\n<p>&nbsp;<\/p>\n<p>Finansieringsf\u00f6rslag, leasing:<\/p>\n<p>Ingen insats<\/p>\n<p>10% restv\u00e4rde<\/p>\n<p>36 m\u00e5n<\/p>\n<p>2109kr\/m\u00e5nad exkl moms<\/p>\n<p>&nbsp;<\/p>\n<p>Beh\u00f6ver ni passande redskap finns det \u00e4ven i lager f\u00f6r snabb utlastning, planerskopor i olika kvalite\u00e9r och prisklasser, \u00e5terfyllnadsskopor, pallgafflar mm mm.<\/p>\n<p>&nbsp;<\/p>\n<p>F\u00f6r best\u00e4llning ring eller maila. Visning efter \u00f6verenskommelse om tid.<\/p>","protected":false},"excerpt":{"rendered":"<p>V\u00e5ran egen redskapstilt tiltadapter skevf\u00e4ste Stora BM, l\u00e4mplig f\u00f6r maskinstorlek kring L60 L70 mfl. Extremt prisv\u00e4rd. Gedigen och kraftig konstruktion, st\u00e5l i bra kvalit\u00e9. Redskapstilten \u00e4r utrustad med hydraulisk redskapsl\u00e5sning. Skevar +- 25grader Komplett med slang och snabbkopplingar TEMA 3\/4&#8243; (4-slang) Vikt 675kg L\u00e4mplig upp till ca 15tons maskinstorlek. &nbsp; Pris endast 79.000kr exkl moms [&hellip;]<\/p>","protected":false},"featured_media":5635,"comment_status":"closed","ping_status":"closed","template":"","meta":{"_acf_changed":false},"product_brand":[],"product_cat":[50,45,54,44],"product_tag":[],"class_list":{"0":"post-5588","1":"product","2":"type-product","3":"status-publish","4":"has-post-thumbnail","6":"product_cat-butik","7":"product_cat-redskap-hjullastare","8":"product_cat-ovrigt","9":"product_cat-redskap","10":"product_shipping_class-3-500kr","12":"first","13":"outofstock","14":"taxable","15":"shipping-taxable","16":"purchasable","17":"product-type-simple"},"acf":[],"_links":{"self":[{"href":"https:\/\/www.antrading.se\/en\/wp-json\/wp\/v2\/product\/5588","targetHints":{"allow":["GET"]}}],"collection":[{"href":"https:\/\/www.antrading.se\/en\/wp-json\/wp\/v2\/product"}],"about":[{"href":"https:\/\/www.antrading.se\/en\/wp-json\/wp\/v2\/types\/product"}],"replies":[{"embeddable":true,"href":"https:\/\/www.antrading.se\/en\/wp-json\/wp\/v2\/comments?post=5588"}],"wp:featuredmedia":[{"embeddable":true,"href":"https:\/\/www.antrading.se\/en\/wp-json\/wp\/v2\/media\/5635"}],"wp:attachment":[{"href":"https:\/\/www.antrading.se\/en\/wp-json\/wp\/v2\/media?parent=5588"}],"wp:term":[{"taxonomy":"product_brand","embeddable":true,"href":"https:\/\/www.antrading.se\/en\/wp-json\/wp\/v2\/product_brand?post=5588"},{"taxonomy":"product_cat","embeddable":true,"href":"https:\/\/www.antrading.se\/en\/wp-json\/wp\/v2\/product_cat?post=5588"},{"taxonomy":"product_tag","embeddable":true,"href":"https:\/\/www.antrading.se\/en\/wp-json\/wp\/v2\/product_tag?post=5588"}],"curies":[{"name":"wp","href":"https:\/\/api.w.org\/{rel}","templated":true}]}}