{"id":5589,"date":"2025-06-11T12:58:07","date_gmt":"2025-06-11T10:58:07","guid":{"rendered":"https:\/\/www.antrading.se\/?post_type=product&#038;p=5589"},"modified":"2026-04-23T09:49:55","modified_gmt":"2026-04-23T07:49:55","slug":"rangerdrag-kombidrag-stora-bm","status":"publish","type":"product","link":"https:\/\/www.antrading.se\/en\/product\/rangerdrag-kombidrag-stora-bm\/","title":{"rendered":"Rangerdrag \/ kombidrag Stora BM Kampanj!"},"content":{"rendered":"<p>Rangerdrag \/ kombidrag Stora BM. Gedigen och kraftig konstruktion med flera f\u00f6rst\u00e4rkningar f\u00f6r att klara olika typer av rangering.<\/p>\n<p>&#8211; Kraftig konstruktion<\/p>\n<p>&#8211; 50mm kula<\/p>\n<p>&#8211; Pinnbultsdrag<\/p>\n<p>&#8211; Rangerdrag (l\u00e4mplig att dra flak mm)<\/p>\n<p>&#8211; Vikt 228kg<\/p>\n<p>Pris 14.900kr exkl moms<\/p>\n<p>Finns i lager f\u00f6r direktleverans.<\/p>\n<p>&nbsp;<\/p>\n<p>\u00c4ven massor av andra redskap med Stora BM f\u00e4ste i lager.<\/p>","protected":false},"excerpt":{"rendered":"<p>Rangerdrag \/ kombidrag Stora BM. Gedigen och kraftig konstruktion med flera f\u00f6rst\u00e4rkningar f\u00f6r att klara olika typer av rangering. &#8211; Kraftig konstruktion &#8211; 50mm kula &#8211; Pinnbultsdrag &#8211; Rangerdrag (l\u00e4mplig att dra flak mm) &#8211; Vikt 228kg Pris 14.900kr exkl moms Finns i lager f\u00f6r direktleverans. &nbsp; \u00c4ven massor av andra redskap med Stora BM [&hellip;]<\/p>","protected":false},"featured_media":5639,"comment_status":"closed","ping_status":"closed","template":"","meta":{"_acf_changed":false},"product_brand":[83],"product_cat":[50,45,49,54,44],"product_tag":[],"class_list":{"0":"post-5589","1":"product","2":"type-product","3":"status-publish","4":"has-post-thumbnail","6":"product_brand-ant","7":"product_cat-butik","8":"product_cat-redskap-hjullastare","9":"product_cat-kampanjer","10":"product_cat-ovrigt","11":"product_cat-redskap","12":"product_shipping_class-1-000kr","14":"first","15":"instock","16":"sale","17":"taxable","18":"shipping-taxable","19":"purchasable","20":"product-type-simple"},"acf":[],"_links":{"self":[{"href":"https:\/\/www.antrading.se\/en\/wp-json\/wp\/v2\/product\/5589","targetHints":{"allow":["GET"]}}],"collection":[{"href":"https:\/\/www.antrading.se\/en\/wp-json\/wp\/v2\/product"}],"about":[{"href":"https:\/\/www.antrading.se\/en\/wp-json\/wp\/v2\/types\/product"}],"replies":[{"embeddable":true,"href":"https:\/\/www.antrading.se\/en\/wp-json\/wp\/v2\/comments?post=5589"}],"wp:featuredmedia":[{"embeddable":true,"href":"https:\/\/www.antrading.se\/en\/wp-json\/wp\/v2\/media\/5639"}],"wp:attachment":[{"href":"https:\/\/www.antrading.se\/en\/wp-json\/wp\/v2\/media?parent=5589"}],"wp:term":[{"taxonomy":"product_brand","embeddable":true,"href":"https:\/\/www.antrading.se\/en\/wp-json\/wp\/v2\/product_brand?post=5589"},{"taxonomy":"product_cat","embeddable":true,"href":"https:\/\/www.antrading.se\/en\/wp-json\/wp\/v2\/product_cat?post=5589"},{"taxonomy":"product_tag","embeddable":true,"href":"https:\/\/www.antrading.se\/en\/wp-json\/wp\/v2\/product_tag?post=5589"}],"curies":[{"name":"wp","href":"https:\/\/api.w.org\/{rel}","templated":true}]}}