{"id":5606,"date":"2025-06-11T12:58:33","date_gmt":"2025-06-11T10:58:33","guid":{"rendered":"https:\/\/www.antrading.se\/?post_type=product&#038;p=5606"},"modified":"2026-02-27T14:06:31","modified_gmt":"2026-02-27T13:06:31","slug":"se-energiklipp-s45-kampanj-fri-frakt","status":"publish","type":"product","link":"https:\/\/www.antrading.se\/en\/product\/se-energiklipp-s45-kampanj-fri-frakt\/","title":{"rendered":"SE Energiklipp S45"},"content":{"rendered":"<h3><strong>Energiklipp<\/strong>\u00a0f\u00f6r gr\u00e4vmaskin<\/h3>\n<p><em>Robust och l\u00e4ttman\u00f6vrerad klipp.<\/em><\/p>\n<p>Energiklipp\u00a0fr\u00e5n\u00a0SE Equipment\u00a0med\u00a0S45\u00a0f\u00e4ste \u00e4r en<\/p>\n<p>robust och kraftig konstruktion. Den \u00e4r en\u00a0l\u00e4ttman\u00f6vrerad\u00a0klipp<\/p>\n<p>som \u00e4r enkel att komma \u00e5t med, \u00e4ven slysn\u00e5r klipps enkelt och effektivt.<\/p>\n<p>V\u00e5r energiklipp \u00e4r ett v\u00e4l anpassat\u00a0maskinredskap\u00a0till\u00a0gr\u00e4vmaskin\u00a0och\u00a0f\u00f6r<\/p>\n<p>dig som vill f\u00e5 l\u00e5ga stubbar, tr\u00e4d-,busk- och slyrester.<\/p>\n<p>Energiklippen har kraftiga griparmar som h\u00e5ller kvar tr\u00e4det och \u00e4r f\u00f6rsedd<\/p>\n<p>med en st\u00f6dplatta undertill som g\u00f6r att greppet blir stabilt efter klippningen.<\/p>\n<p>Tr\u00e4d, buskar och sly klipps med en kniv fr\u00e5n v\u00e4nster f\u00f6r att ge optimal sikt \u00e5t f\u00f6raren.<\/p>\n<p>Med den skyddade hydrauliken f\u00e5r man en st\u00f6rningsfri och snabb k\u00f6rning som passar<\/p>\n<p>de flesta behov.<\/p>\n<h4 class=\"\">Teknisk data<\/h4>\n<div class=\"egenskaper\"><span class=\"D6726_label\">Oljetryck (bar)<\/span><span class=\"D6726_value\">200<\/span><\/div>\n<div class=\"egenskaper\"><span class=\"D6736_label\">Djup\u00a0<\/span><span class=\"D6736_value\">1086mm<\/span><\/div>\n<div class=\"egenskaper\"><span class=\"D6751_label\">H\u00f6jd\u00a0<\/span><span class=\"D6751_value\">484mm<\/span><\/div>\n<div class=\"egenskaper\"><span class=\"D1061_label\">Vikt, kg\u00a0<\/span><span class=\"D1061_value\">230<\/span><\/div>\n<div class=\"egenskaper\"><span class=\"D1056_label\">H\u00f6jd, mm\u00a0<\/span><span class=\"D1056_value\">484<\/span><\/div>\n<div class=\"egenskaper\"><span class=\"D1058_label\">Bredd, mm\u00a0<\/span><span class=\"D1058_value\">670<\/span><\/div>\n<div class=\"row\" data-r=\"1\" data-loaded=\"\">\n<div class=\"cell\">Max klipp \u00d8 180mm<\/div>\n<\/div>\n<div class=\"product-update-info\"><\/div>\n<p>Ord pris 32.900kr exkl moms<\/p>\n<p>&nbsp;<\/p>","protected":false},"excerpt":{"rendered":"<p>Energiklipp\u00a0f\u00f6r gr\u00e4vmaskin Robust och l\u00e4ttman\u00f6vrerad klipp. Energiklipp\u00a0fr\u00e5n\u00a0SE Equipment\u00a0med\u00a0S45\u00a0f\u00e4ste \u00e4r en robust och kraftig konstruktion. Den \u00e4r en\u00a0l\u00e4ttman\u00f6vrerad\u00a0klipp som \u00e4r enkel att komma \u00e5t med, \u00e4ven slysn\u00e5r klipps enkelt och effektivt. V\u00e5r energiklipp \u00e4r ett v\u00e4l anpassat\u00a0maskinredskap\u00a0till\u00a0gr\u00e4vmaskin\u00a0och\u00a0f\u00f6r dig som vill f\u00e5 l\u00e5ga stubbar, tr\u00e4d-,busk- och slyrester. Energiklippen har kraftiga griparmar som h\u00e5ller kvar tr\u00e4det och \u00e4r [&hellip;]<\/p>","protected":false},"featured_media":5644,"comment_status":"closed","ping_status":"closed","template":"","meta":{"_acf_changed":false},"product_brand":[75],"product_cat":[50,71,46,54,44],"product_tag":[],"class_list":{"0":"post-5606","1":"product","2":"type-product","3":"status-publish","4":"has-post-thumbnail","6":"product_brand-se-equipment","7":"product_cat-butik","8":"product_cat-energiklippar","9":"product_cat-redskap-gravmaskiner","10":"product_cat-ovrigt","11":"product_cat-redskap","12":"product_shipping_class-1-500kr","14":"first","15":"outofstock","16":"taxable","17":"shipping-taxable","18":"purchasable","19":"product-type-simple"},"acf":[],"_links":{"self":[{"href":"https:\/\/www.antrading.se\/en\/wp-json\/wp\/v2\/product\/5606","targetHints":{"allow":["GET"]}}],"collection":[{"href":"https:\/\/www.antrading.se\/en\/wp-json\/wp\/v2\/product"}],"about":[{"href":"https:\/\/www.antrading.se\/en\/wp-json\/wp\/v2\/types\/product"}],"replies":[{"embeddable":true,"href":"https:\/\/www.antrading.se\/en\/wp-json\/wp\/v2\/comments?post=5606"}],"wp:featuredmedia":[{"embeddable":true,"href":"https:\/\/www.antrading.se\/en\/wp-json\/wp\/v2\/media\/5644"}],"wp:attachment":[{"href":"https:\/\/www.antrading.se\/en\/wp-json\/wp\/v2\/media?parent=5606"}],"wp:term":[{"taxonomy":"product_brand","embeddable":true,"href":"https:\/\/www.antrading.se\/en\/wp-json\/wp\/v2\/product_brand?post=5606"},{"taxonomy":"product_cat","embeddable":true,"href":"https:\/\/www.antrading.se\/en\/wp-json\/wp\/v2\/product_cat?post=5606"},{"taxonomy":"product_tag","embeddable":true,"href":"https:\/\/www.antrading.se\/en\/wp-json\/wp\/v2\/product_tag?post=5606"}],"curies":[{"name":"wp","href":"https:\/\/api.w.org\/{rel}","templated":true}]}}