{"id":5610,"date":"2025-06-11T12:58:35","date_gmt":"2025-06-11T10:58:35","guid":{"rendered":"https:\/\/www.antrading.se\/?post_type=product&#038;p=5610"},"modified":"2025-12-18T13:12:35","modified_gmt":"2025-12-18T12:12:35","slug":"se-euro-sms-lattmaterialskopa-135m3-2200mm","status":"publish","type":"product","link":"https:\/\/www.antrading.se\/en\/product\/se-euro-sms-lattmaterialskopa-135m3-2200mm\/","title":{"rendered":"SE Euro L\u00e4ttmaterialskopa 1,35m3 2200mm"},"content":{"rendered":"<div id=\"Description\" class=\"description fw-tab-pane fade active in\">\n<div class=\"text\">\n<p>L\u00e4ttmaterialskopa\/sn\u00f6skopa l\u00e4mpliga f\u00f6r mindre hjullastare och traktorer, finns i lager f\u00f6r direktleverans med EURO f\u00e4ste.<\/p>\n<\/div>\n<\/div>\n<div class=\"ritab-properties\">\n<div class=\"ritab-properties\">\n<p>Fantastiskt bra pris.<\/p>\n<p>&nbsp;<\/p>\n<p>Med en l\u00e4ttmaterialskopa till traktor fr\u00e5n SE Equipment kan du enkelt ta upp l\u00e4tta material s\u00e5som sn\u00f6, flis och sp\u00e5n.<\/p>\n<p>Funktionell skopa till din traktor i kombination av slitstyrka och optimal prestanda f\u00f6r lastning, k\u00f6rning och t\u00f6mning.<\/p>\n<p>En l\u00e4ttmaterialskopa tillverkad i h\u00f6gkvalitativt st\u00e5l f\u00f6r b\u00e4sta m\u00f6jliga livsl\u00e4ngd.<\/p>\n<\/div>\n<\/div>\n<p>&nbsp;<\/p>\n<p>L\u00e4ttmaterialskopa 1,35m3 2200mm, pris 8.900kr exkl moms<\/p>\n<p>Eventuell frakt 1000kr exkl moms.<\/p>\n<p>www.antrading.se<\/p>","protected":false},"excerpt":{"rendered":"<p>L\u00e4ttmaterialskopa\/sn\u00f6skopa l\u00e4mpliga f\u00f6r mindre hjullastare och traktorer, finns i lager f\u00f6r direktleverans med EURO f\u00e4ste. Fantastiskt bra pris. &nbsp; Med en l\u00e4ttmaterialskopa till traktor fr\u00e5n SE Equipment kan du enkelt ta upp l\u00e4tta material s\u00e5som sn\u00f6, flis och sp\u00e5n. Funktionell skopa till din traktor i kombination av slitstyrka och optimal prestanda f\u00f6r lastning, k\u00f6rning och [&hellip;]<\/p>","protected":false},"featured_media":5653,"comment_status":"closed","ping_status":"closed","template":"","meta":{"_acf_changed":false},"product_brand":[75],"product_cat":[50,44,51,67],"product_tag":[],"class_list":{"0":"post-5610","1":"product","2":"type-product","3":"status-publish","4":"has-post-thumbnail","6":"product_brand-se-equipment","7":"product_cat-butik","8":"product_cat-redskap","9":"product_cat-skopor","10":"product_cat-skopor-redskap-hjullastare","11":"product_shipping_class-1-000kr","13":"first","14":"instock","15":"sale","16":"taxable","17":"shipping-taxable","18":"purchasable","19":"product-type-simple"},"acf":[],"_links":{"self":[{"href":"https:\/\/www.antrading.se\/en\/wp-json\/wp\/v2\/product\/5610","targetHints":{"allow":["GET"]}}],"collection":[{"href":"https:\/\/www.antrading.se\/en\/wp-json\/wp\/v2\/product"}],"about":[{"href":"https:\/\/www.antrading.se\/en\/wp-json\/wp\/v2\/types\/product"}],"replies":[{"embeddable":true,"href":"https:\/\/www.antrading.se\/en\/wp-json\/wp\/v2\/comments?post=5610"}],"wp:featuredmedia":[{"embeddable":true,"href":"https:\/\/www.antrading.se\/en\/wp-json\/wp\/v2\/media\/5653"}],"wp:attachment":[{"href":"https:\/\/www.antrading.se\/en\/wp-json\/wp\/v2\/media?parent=5610"}],"wp:term":[{"taxonomy":"product_brand","embeddable":true,"href":"https:\/\/www.antrading.se\/en\/wp-json\/wp\/v2\/product_brand?post=5610"},{"taxonomy":"product_cat","embeddable":true,"href":"https:\/\/www.antrading.se\/en\/wp-json\/wp\/v2\/product_cat?post=5610"},{"taxonomy":"product_tag","embeddable":true,"href":"https:\/\/www.antrading.se\/en\/wp-json\/wp\/v2\/product_tag?post=5610"}],"curies":[{"name":"wp","href":"https:\/\/api.w.org\/{rel}","templated":true}]}}