{"id":5704,"date":"2025-06-16T12:51:08","date_gmt":"2025-06-16T10:51:08","guid":{"rendered":"https:\/\/www.antrading.se\/?post_type=product&#038;p=5704"},"modified":"2026-02-27T14:47:50","modified_gmt":"2026-02-27T13:47:50","slug":"shantui-se27sr-tilt-skoppaket","status":"publish","type":"product","link":"https:\/\/www.antrading.se\/en\/product\/shantui-se27sr-tilt-skoppaket\/","title":{"rendered":"Shantui SE27SR Tilt + skoppaket Kampanj!"},"content":{"rendered":"<p>Kampanj! S\u00e4nkt pris! Kampanjpris 309.000kr (386.250kr) G\u00e4ller vid k\u00f6p under Mars m\u00e5nad.<\/p>\n<p>SHANTUI SE27 SR inkl tiltmellandel och skoppaket.<\/p>\n<p>Mycket gedigen och smidig minigr\u00e4vare med en tystg\u00e5ende 3-cylindrig v\u00e4tskekyld motor fr\u00e5n Yanmar. Mycket fink\u00e4nslig hydraulik med enbart kvalitetskomponenter. Bomsv\u00e4ng samt 2 larvhastigheter, joystick med r\u00e4tt placering f\u00f6r en smidig och bekv\u00e4m k\u00f6rst\u00e4llning. Justerbar stol s\u00e5 gott om plats \u00e4ven f\u00f6r l\u00e4ngre personer.<\/p>\n<p>Paketpris med SB tiltmellandel S40 (hydrauliskt redskapsl\u00e5s) och skoppaket fr\u00e5n SE Equipment inneh\u00e5llande planerskopa, tandad gr\u00e4vskopa och kabelskopa. Pris endast 339.000kr exkl moms. (423.750kr inkl moms) Passande maskinsl\u00e4p 3500kg, 72.000kr exkl moms (90.000kr inkl moms)<\/p>\n<p>Finns \u00e4ven med Engcon rototilt (lager) Offert.<\/p>\n<p>Fabrikat\/Modell: SHANTUI SE27SR<br \/>\nMotor: YANMAR 3TNV80F 14.6kW\/2400rpm<br \/>\nVikt 2880kg<br \/>\nBomsv\u00e4ng<br \/>\n2 hastigheter p\u00e5 drivmotor<br \/>\nExtra hydraulik x 3<br \/>\nArbetsbelysning<br \/>\nJusterbar stol<br \/>\nSB tiltmellandel<br \/>\nS40 SE planerskopa<br \/>\nSE Tandad gr\u00e4vskopa<br \/>\nSE Kabelskopa<br \/>\nVerktygsl\u00e5da<br \/>\nInstruktionsbok<\/p>\n<p>Max. Gr\u00e4vdjup 2800 mm<br \/>\nMax Gr\u00e4vradie 4800 mm<br \/>\nH\u00f6jd 2480 mm<br \/>\nBredd 1550 mm<br \/>\nCE-M\u00e4rkt<br \/>\nGaranti: 2000tim\/2\u00e5r (Centrallager f\u00f6r delar finns i Belgien)<\/p>\n<p><a href=\"https:\/\/www.antrading.se\/wp-content\/uploads\/2025\/06\/1.6-SE27SR-Excavator.pdf\">1.6-SE27SR-Excavator<\/a><\/p>","protected":false},"excerpt":{"rendered":"<p>Kampanj! S\u00e4nkt pris! Kampanjpris 309.000kr (386.250kr) G\u00e4ller vid k\u00f6p under Mars m\u00e5nad. SHANTUI SE27 SR inkl tiltmellandel och skoppaket. Mycket gedigen och smidig minigr\u00e4vare med en tystg\u00e5ende 3-cylindrig v\u00e4tskekyld motor fr\u00e5n Yanmar. Mycket fink\u00e4nslig hydraulik med enbart kvalitetskomponenter. Bomsv\u00e4ng samt 2 larvhastigheter, joystick med r\u00e4tt placering f\u00f6r en smidig och bekv\u00e4m k\u00f6rst\u00e4llning. Justerbar stol s\u00e5 [&hellip;]<\/p>","protected":false},"featured_media":5705,"comment_status":"open","ping_status":"closed","template":"","meta":{"_acf_changed":false},"product_brand":[78],"product_cat":[50,23,49],"product_tag":[],"class_list":{"0":"post-5704","1":"product","2":"type-product","3":"status-publish","4":"has-post-thumbnail","6":"product_brand-shantui","7":"product_cat-butik","8":"product_cat-gravmaskiner","9":"product_cat-kampanjer","10":"product_shipping_class-3-500kr","12":"first","13":"instock","14":"sale","15":"taxable","16":"shipping-taxable","17":"purchasable","18":"product-type-simple"},"acf":[],"_links":{"self":[{"href":"https:\/\/www.antrading.se\/en\/wp-json\/wp\/v2\/product\/5704","targetHints":{"allow":["GET"]}}],"collection":[{"href":"https:\/\/www.antrading.se\/en\/wp-json\/wp\/v2\/product"}],"about":[{"href":"https:\/\/www.antrading.se\/en\/wp-json\/wp\/v2\/types\/product"}],"replies":[{"embeddable":true,"href":"https:\/\/www.antrading.se\/en\/wp-json\/wp\/v2\/comments?post=5704"}],"wp:featuredmedia":[{"embeddable":true,"href":"https:\/\/www.antrading.se\/en\/wp-json\/wp\/v2\/media\/5705"}],"wp:attachment":[{"href":"https:\/\/www.antrading.se\/en\/wp-json\/wp\/v2\/media?parent=5704"}],"wp:term":[{"taxonomy":"product_brand","embeddable":true,"href":"https:\/\/www.antrading.se\/en\/wp-json\/wp\/v2\/product_brand?post=5704"},{"taxonomy":"product_cat","embeddable":true,"href":"https:\/\/www.antrading.se\/en\/wp-json\/wp\/v2\/product_cat?post=5704"},{"taxonomy":"product_tag","embeddable":true,"href":"https:\/\/www.antrading.se\/en\/wp-json\/wp\/v2\/product_tag?post=5704"}],"curies":[{"name":"wp","href":"https:\/\/api.w.org\/{rel}","templated":true}]}}