{"id":5770,"date":"2025-06-26T21:40:38","date_gmt":"2025-06-26T19:40:38","guid":{"rendered":"https:\/\/www.antrading.se\/?post_type=product&#038;p=5770"},"modified":"2025-10-01T15:25:43","modified_gmt":"2025-10-01T13:25:43","slug":"shantui-se36sr-engcon-rotortilt-skoppaket","status":"publish","type":"product","link":"https:\/\/www.antrading.se\/en\/product\/shantui-se36sr-engcon-rotortilt-skoppaket\/","title":{"rendered":"Shantui SE36SR Engcon rotortilt + skoppaket"},"content":{"rendered":"<p>SHANTUI SE36 SR inkl Engcon rotortilt och skoppaket, finns i lager f\u00f6r direktleverans.<\/p>\n<p>Mycket gedigen och smidig minigr\u00e4vare med en tystg\u00e5ende 3-cylindrig v\u00e4tskekyld motor fr\u00e5n Yanmar. Mycket fink\u00e4nslig hydraulik med enbart kvalitetskomponenter. Bomsv\u00e4ng samt 2 larvhastigheter, joystick med r\u00e4tt placering f\u00f6r en smidig och bekv\u00e4m k\u00f6rst\u00e4llning. Justerbar stol s\u00e5 gott om plats \u00e4ven f\u00f6r l\u00e4ngre personer. \u00c4ven utrustad med aircondition som standard.<\/p>\n<p>Paketpris med Engcon rotortilt S40 och skoppaket fr\u00e5n Engcon inneh\u00e5llande planerskopa, tandad gr\u00e4vskopa och kabelskopa. Pris, offert!<\/p>\n<p>Fabrikat\/Modell: SHANTUI SE36SR<br \/>\nMotor: YANMAR 3TNV88F 18.2kW\/2200rpm<br \/>\nVikt 3880kg<br \/>\nBomsv\u00e4ng<br \/>\n2 hastigheter p\u00e5 drivmotor<br \/>\nExtra hydraulik x 3<br \/>\nArbetsbelysning<br \/>\nJusterbar stol<br \/>\nEngcon rotortilt S40<br \/>\nEngcon planerskopa<br \/>\nEngcon tandad gr\u00e4vskopa<br \/>\nEngcon kabelskopa<br \/>\nVerktygsl\u00e5da<br \/>\nInstruktionsbok<\/p>\n<p>Max. Gr\u00e4vdjup ca 3200 mm<br \/>\nMax Gr\u00e4vradie 5500 mm<br \/>\nH\u00f6jd 2550 mm<br \/>\nBredd 1740 mm<br \/>\nCE-M\u00e4rkt<br \/>\nGaranti: 2000tim\/2\u00e5r (Centrallager f\u00f6r delar finns i Belgien)<\/p>","protected":false},"excerpt":{"rendered":"<p>SHANTUI SE36 SR inkl Engcon rotortilt och skoppaket, finns i lager f\u00f6r direktleverans.<\/p>\n<p>Mycket gedigen och smidig minigr\u00e4vare med en tystg\u00e5ende 3-cylindrig v\u00e4tskekyld motor fr\u00e5n Yanmar. Mycket fink\u00e4nslig hydraulik med enbart kvalitetskomponenter. Bomsv\u00e4ng samt 2 larvhastigheter, joystick med r\u00e4tt placering f\u00f6r en smidig och bekv\u00e4m k\u00f6rst\u00e4llning.<\/p>\n<p><a href=\"https:\/\/www.antrading.se\/wp-content\/uploads\/2025\/06\/1.7-SE36SRA-Excavator.pdf\">1.7-SE36SRA-Excavator<\/a><\/p>","protected":false},"featured_media":5796,"comment_status":"open","ping_status":"closed","template":"","meta":{"_acf_changed":false},"product_brand":[],"product_cat":[50,23],"product_tag":[],"class_list":{"0":"post-5770","1":"product","2":"type-product","3":"status-publish","4":"has-post-thumbnail","6":"product_cat-butik","7":"product_cat-gravmaskiner","8":"product_shipping_class-3-500kr","10":"first","11":"instock","12":"taxable","13":"shipping-taxable","14":"purchasable","15":"product-type-simple"},"acf":[],"_links":{"self":[{"href":"https:\/\/www.antrading.se\/en\/wp-json\/wp\/v2\/product\/5770","targetHints":{"allow":["GET"]}}],"collection":[{"href":"https:\/\/www.antrading.se\/en\/wp-json\/wp\/v2\/product"}],"about":[{"href":"https:\/\/www.antrading.se\/en\/wp-json\/wp\/v2\/types\/product"}],"replies":[{"embeddable":true,"href":"https:\/\/www.antrading.se\/en\/wp-json\/wp\/v2\/comments?post=5770"}],"wp:featuredmedia":[{"embeddable":true,"href":"https:\/\/www.antrading.se\/en\/wp-json\/wp\/v2\/media\/5796"}],"wp:attachment":[{"href":"https:\/\/www.antrading.se\/en\/wp-json\/wp\/v2\/media?parent=5770"}],"wp:term":[{"taxonomy":"product_brand","embeddable":true,"href":"https:\/\/www.antrading.se\/en\/wp-json\/wp\/v2\/product_brand?post=5770"},{"taxonomy":"product_cat","embeddable":true,"href":"https:\/\/www.antrading.se\/en\/wp-json\/wp\/v2\/product_cat?post=5770"},{"taxonomy":"product_tag","embeddable":true,"href":"https:\/\/www.antrading.se\/en\/wp-json\/wp\/v2\/product_tag?post=5770"}],"curies":[{"name":"wp","href":"https:\/\/api.w.org\/{rel}","templated":true}]}}