{"id":5781,"date":"2025-06-26T22:21:53","date_gmt":"2025-06-26T20:21:53","guid":{"rendered":"https:\/\/www.antrading.se\/?post_type=product&#038;p=5781"},"modified":"2026-02-13T14:02:41","modified_gmt":"2026-02-13T13:02:41","slug":"maskinslap-2700kg","status":"publish","type":"product","link":"https:\/\/www.antrading.se\/en\/product\/maskinslap-2700kg\/","title":{"rendered":"Maskinsl\u00e4p 2700kg"},"content":{"rendered":"<p>Gedigna maskinsl\u00e4p\u00a0 fr\u00e5n TEMARED, perfekt f\u00f6r minigr\u00e4vare och andra mindre maskiner. Mycket bra lastramp i fullbredd som \u00e4r fj\u00e4derbelastad, s\u00e4kerst\u00e4ller en s\u00e4ker och smidig lastning\/lossning. Entreprenadsl\u00e4p \/ maskintrailer av h\u00f6g kvalit\u00e9.<\/p>\n<p>Alla modeller finns f\u00f6r direktleverans Lule\u00e5.<\/p>\n<p>Finansiering kan ordnas.<\/p>\n<p>Temared Builder 2615\/2<\/p>\n<p>Totalvikt 2700kg<\/p>\n<p>Lastvikt 2178kg<\/p>\n<p>Inv\u00e4ndig l\u00e4ngd 2,6m<\/p>\n<p>Inv\u00e4ndig bredd 1,5m<\/p>\n<p>Totall\u00e4ngd 4,6m<\/p>\n<p>Totalbredd 2,1m<\/p>\n<p>Skopst\u00f6d<\/p>\n<p>Pris 45.000kr exkl moms<\/p>","protected":false},"excerpt":{"rendered":"<p>Gedigna maskinsl\u00e4p\u00a0 fr\u00e5n TEMARED, perfekt f\u00f6r minigr\u00e4vare och andra mindre maskiner. Mycket bra lastramp i fullbredd som \u00e4r fj\u00e4derbelastad, s\u00e4kerst\u00e4ller en s\u00e4ker och smidig lastning\/lossning. Entreprenadsl\u00e4p \/ maskintrailer av h\u00f6g kvalit\u00e9. Alla modeller finns f\u00f6r direktleverans Lule\u00e5. Finansiering kan ordnas. Temared Builder 2615\/2 Totalvikt 2700kg Lastvikt 2178kg Inv\u00e4ndig l\u00e4ngd 2,6m Inv\u00e4ndig bredd 1,5m Totall\u00e4ngd 4,6m [&hellip;]<\/p>","protected":false},"featured_media":5792,"comment_status":"open","ping_status":"closed","template":"","meta":{"_acf_changed":false},"product_brand":[],"product_cat":[50,79],"product_tag":[],"class_list":{"0":"post-5781","1":"product","2":"type-product","3":"status-publish","4":"has-post-thumbnail","6":"product_cat-butik","7":"product_cat-slap","8":"product_shipping_class-81","10":"first","11":"instock","12":"taxable","13":"shipping-taxable","14":"purchasable","15":"product-type-simple"},"acf":[],"_links":{"self":[{"href":"https:\/\/www.antrading.se\/en\/wp-json\/wp\/v2\/product\/5781","targetHints":{"allow":["GET"]}}],"collection":[{"href":"https:\/\/www.antrading.se\/en\/wp-json\/wp\/v2\/product"}],"about":[{"href":"https:\/\/www.antrading.se\/en\/wp-json\/wp\/v2\/types\/product"}],"replies":[{"embeddable":true,"href":"https:\/\/www.antrading.se\/en\/wp-json\/wp\/v2\/comments?post=5781"}],"wp:featuredmedia":[{"embeddable":true,"href":"https:\/\/www.antrading.se\/en\/wp-json\/wp\/v2\/media\/5792"}],"wp:attachment":[{"href":"https:\/\/www.antrading.se\/en\/wp-json\/wp\/v2\/media?parent=5781"}],"wp:term":[{"taxonomy":"product_brand","embeddable":true,"href":"https:\/\/www.antrading.se\/en\/wp-json\/wp\/v2\/product_brand?post=5781"},{"taxonomy":"product_cat","embeddable":true,"href":"https:\/\/www.antrading.se\/en\/wp-json\/wp\/v2\/product_cat?post=5781"},{"taxonomy":"product_tag","embeddable":true,"href":"https:\/\/www.antrading.se\/en\/wp-json\/wp\/v2\/product_tag?post=5781"}],"curies":[{"name":"wp","href":"https:\/\/api.w.org\/{rel}","templated":true}]}}