{"id":5862,"date":"2025-06-28T09:04:26","date_gmt":"2025-06-28T07:04:26","guid":{"rendered":"https:\/\/www.antrading.se\/?post_type=product&#038;p=5862"},"modified":"2025-10-02T13:31:08","modified_gmt":"2025-10-02T11:31:08","slug":"eldriven-minilastare-everun-erel10-kampanj-direktleverans","status":"publish","type":"product","link":"https:\/\/www.antrading.se\/en\/product\/eldriven-minilastare-everun-erel10-kampanj-direktleverans\/","title":{"rendered":"EVERUN EREL10 ELDRIVEN minilastare"},"content":{"rendered":"<p>ELDRIVEN minilastare EVERUN EREL10.<\/p>\n<p>&nbsp;<\/p>\n<p>EREL10, elektrisk fyrhjulsdriven minilastare fr\u00e5n EVERUN med det st\u00f6rsta batteriet p\u00e5 400Ah.<\/p>\n<p>Mycket smidig, stark och beh\u00e4ndig maskin f\u00f6r den lilla fastigheten. Lyftkraft ca 1000kg, maskinvikt 2150kg. Aktionstid ca 6 timmar.<\/p>\n<p>&nbsp;<\/p>\n<p>Pris inkluderar pallgafflar, planerskopa anpassad f\u00f6r maskinen, extrautrustad med vinter\/gr\u00e4sd\u00e4ck samt extra hydraulik och lastd\u00e4mpare samt dieselv\u00e4rmare.<\/p>\n<p>Pris endast 219.000kr exkl moms (273.750kr inkl moms)<\/p>\n<p>&nbsp;<\/p>\n<p>&nbsp;<\/p>\n<p>&#8211; hydrauliskt snabbf\u00e4ste SMS\/Trima<\/p>\n<p>&#8211; elektronisk v\u00e4xling i joysticken<\/p>\n<p>&#8211; 3:e och 4:e funktion<\/p>\n<p>&#8211; lastd\u00e4mpare<\/p>\n<p>&#8211; led belysning<\/p>\n<p>&#8211; planerskopa, pallgafflar 2.5ton 1.2m\/1.2m<\/p>\n<p>&#8211; vinter\/gr\u00e4sd\u00e4ck<\/p>\n<p>&#8211; dragkrok<\/p>\n<p>&#8211; dieselv\u00e4rmare (luftv\u00e4rmare f\u00f6r hytten)<\/p>\n<p>&#8211; CE-m\u00e4rkt<\/p>\n<p>&nbsp;<\/p>\n<p>M\u00e5tt:<\/p>\n<p>L\u00e4ngd 367cm<\/p>\n<p>Bredd 127cm<\/p>\n<p>H\u00f6jd 238cm<\/p>\n<p>&nbsp;<\/p>\n<p>Finns \u00e4ven f\u00f6ljande redskap att k\u00f6pa till:<\/p>\n<p>Klaffskopa 160cm<\/p>\n<p>Hydrauliska gafflar<\/p>\n<p>mm<\/p>\n<p>&nbsp;<\/p>\n<p>Alla priser exkl moms.<\/p>\n<p>&nbsp;<\/p>\n<p>Finans kan ordnas till b\u00e5de privat- och f\u00f6retagskund.<\/p>","protected":false},"excerpt":{"rendered":"<p>ELDRIVEN minilastare EVERUN EREL10.<\/p>\n<p>EREL10, elektrisk fyrhjulsdriven minilastare fr\u00e5n EVERUN med det st\u00f6rsta batteriet p\u00e5 400Ah.<\/p>\n<p>Mycket smidig, stark och beh\u00e4ndig maskin f\u00f6r den lilla fastigheten. Lyftkraft ca 1000kg, maskinvikt 2150kg. Aktionstid ca 6 timmar.<\/p>","protected":false},"featured_media":4261,"comment_status":"open","ping_status":"closed","template":"","meta":{"_acf_changed":false},"product_brand":[77],"product_cat":[50,73,22,15],"product_tag":[],"class_list":{"0":"post-5862","1":"product","2":"type-product","3":"status-publish","4":"has-post-thumbnail","6":"product_brand-everun","7":"product_cat-butik","8":"product_cat-everun","9":"product_cat-hjullastare","10":"product_cat-uncategorized","11":"product_shipping_class-81","13":"first","14":"outofstock","15":"taxable","16":"shipping-taxable","17":"purchasable","18":"product-type-simple"},"acf":[],"_links":{"self":[{"href":"https:\/\/www.antrading.se\/en\/wp-json\/wp\/v2\/product\/5862","targetHints":{"allow":["GET"]}}],"collection":[{"href":"https:\/\/www.antrading.se\/en\/wp-json\/wp\/v2\/product"}],"about":[{"href":"https:\/\/www.antrading.se\/en\/wp-json\/wp\/v2\/types\/product"}],"replies":[{"embeddable":true,"href":"https:\/\/www.antrading.se\/en\/wp-json\/wp\/v2\/comments?post=5862"}],"wp:featuredmedia":[{"embeddable":true,"href":"https:\/\/www.antrading.se\/en\/wp-json\/wp\/v2\/media\/4261"}],"wp:attachment":[{"href":"https:\/\/www.antrading.se\/en\/wp-json\/wp\/v2\/media?parent=5862"}],"wp:term":[{"taxonomy":"product_brand","embeddable":true,"href":"https:\/\/www.antrading.se\/en\/wp-json\/wp\/v2\/product_brand?post=5862"},{"taxonomy":"product_cat","embeddable":true,"href":"https:\/\/www.antrading.se\/en\/wp-json\/wp\/v2\/product_cat?post=5862"},{"taxonomy":"product_tag","embeddable":true,"href":"https:\/\/www.antrading.se\/en\/wp-json\/wp\/v2\/product_tag?post=5862"}],"curies":[{"name":"wp","href":"https:\/\/api.w.org\/{rel}","templated":true}]}}