{"id":5956,"date":"2025-09-17T12:34:40","date_gmt":"2025-09-17T10:34:40","guid":{"rendered":"https:\/\/www.antrading.se\/?post_type=product&#038;p=5956"},"modified":"2026-04-08T13:37:45","modified_gmt":"2026-04-08T11:37:45","slug":"se-s60-va-skopa-700liter-fri-frakt","status":"publish","type":"product","link":"https:\/\/www.antrading.se\/en\/product\/se-s60-va-skopa-700liter-fri-frakt\/","title":{"rendered":"SE S60 VA skopa 700liter Fri frakt"},"content":{"rendered":"<p>SE VA-skopa med S60 f\u00e4ste. Mycket gedigen och kraftigt byggd. H\u00e4rdat sk\u00e4rst\u00e5l.<\/p>\n<p>Pris endast 22.900kr ex moms, fri frakt.<\/p>\n<p>Volym 700L<\/p>\n<p>Vikt 442kg<\/p>\n<p>Sk\u00e4rst\u00e5l 30x300mm<\/p>\n<p>Bredd 900mm<\/p>\n<p>L\u00e4ngd 1350mm<\/p>\n<p>H\u00f6jd inv\u00e4ndigt 860mm<\/p>\n<p>Ribb 16x80mm<\/p>\n<p>Pris: 22900kr exkl moms, fri frakt.<\/p>","protected":false},"excerpt":{"rendered":"<p>SE VA-skopa med S60 f\u00e4ste. Mycket gedigen och kraftigt byggd. H\u00e4rdat sk\u00e4rst\u00e5l. Pris endast 22.900kr ex moms, fri frakt. Volym 700L Vikt 442kg Sk\u00e4rst\u00e5l 30x300mm Bredd 900mm L\u00e4ngd 1350mm H\u00f6jd inv\u00e4ndigt 860mm Ribb 16x80mm Pris: 22900kr exkl moms, fri frakt.<\/p>","protected":false},"featured_media":5959,"comment_status":"closed","ping_status":"closed","template":"","meta":{"_acf_changed":false},"product_brand":[],"product_cat":[50,46,44,68,51],"product_tag":[],"class_list":{"0":"post-5956","1":"product","2":"type-product","3":"status-publish","4":"has-post-thumbnail","6":"product_cat-butik","7":"product_cat-redskap-gravmaskiner","8":"product_cat-redskap","9":"product_cat-skopor-redskap-gravmaskiner","10":"product_cat-skopor","11":"product_shipping_class-fri-frakt","13":"first","14":"outofstock","15":"taxable","16":"shipping-taxable","17":"purchasable","18":"product-type-simple"},"acf":[],"_links":{"self":[{"href":"https:\/\/www.antrading.se\/en\/wp-json\/wp\/v2\/product\/5956","targetHints":{"allow":["GET"]}}],"collection":[{"href":"https:\/\/www.antrading.se\/en\/wp-json\/wp\/v2\/product"}],"about":[{"href":"https:\/\/www.antrading.se\/en\/wp-json\/wp\/v2\/types\/product"}],"replies":[{"embeddable":true,"href":"https:\/\/www.antrading.se\/en\/wp-json\/wp\/v2\/comments?post=5956"}],"wp:featuredmedia":[{"embeddable":true,"href":"https:\/\/www.antrading.se\/en\/wp-json\/wp\/v2\/media\/5959"}],"wp:attachment":[{"href":"https:\/\/www.antrading.se\/en\/wp-json\/wp\/v2\/media?parent=5956"}],"wp:term":[{"taxonomy":"product_brand","embeddable":true,"href":"https:\/\/www.antrading.se\/en\/wp-json\/wp\/v2\/product_brand?post=5956"},{"taxonomy":"product_cat","embeddable":true,"href":"https:\/\/www.antrading.se\/en\/wp-json\/wp\/v2\/product_cat?post=5956"},{"taxonomy":"product_tag","embeddable":true,"href":"https:\/\/www.antrading.se\/en\/wp-json\/wp\/v2\/product_tag?post=5956"}],"curies":[{"name":"wp","href":"https:\/\/api.w.org\/{rel}","templated":true}]}}