{"id":5970,"date":"2025-09-20T08:33:30","date_gmt":"2025-09-20T06:33:30","guid":{"rendered":"https:\/\/www.antrading.se\/?post_type=product&#038;p=5970"},"modified":"2026-02-27T10:57:50","modified_gmt":"2026-02-27T09:57:50","slug":"fs-planerskopa-hd-280cm-stora-bm-hardox-fri-frakt-kopia","status":"publish","type":"product","link":"https:\/\/www.antrading.se\/en\/product\/fs-planerskopa-hd-280cm-stora-bm-hardox-fri-frakt-kopia\/","title":{"rendered":"FS Planerskopa HD 280cm Stora BM HARDOX"},"content":{"rendered":"<p>FS Planerskopa HD 280cm Stora BM<br \/>\nSvensktillverkad premiumprodukt fr\u00e5n FS-skopan. En mycket kraftig planerskopa tillverkad i HARDOX f\u00f6r de mest kr\u00e4vande jobben.<br \/>\nDjup ca 150cm<br \/>\nBotten 15mm HARDOX, sidor 15mm, sk\u00e4rst\u00e5l 30x270mm<br \/>\nVikt 1054kg<br \/>\n55.000kr<\/p>\n<p>&nbsp;<\/p>\n<p>&nbsp;<\/p>\n<p>&nbsp;<\/p>","protected":false},"excerpt":{"rendered":"<p>FS Planerskopa HD 280cm Stora BM Svensktillverkad premiumprodukt fr\u00e5n FS-skopan. En mycket kraftig planerskopa tillverkad i HARDOX f\u00f6r de mest kr\u00e4vande jobben. Djup ca 150cm Botten 15mm HARDOX, sidor 15mm, sk\u00e4rst\u00e5l 30x270mm Vikt 1054kg 55.000kr &nbsp; &nbsp; &nbsp;<\/p>","protected":false},"featured_media":5966,"comment_status":"closed","ping_status":"closed","template":"","meta":{"_acf_changed":false},"product_brand":[75],"product_cat":[50,45,44,51,67],"product_tag":[],"class_list":{"0":"post-5970","1":"product","2":"type-product","3":"status-publish","4":"has-post-thumbnail","6":"product_brand-se-equipment","7":"product_cat-butik","8":"product_cat-redskap-hjullastare","9":"product_cat-redskap","10":"product_cat-skopor","11":"product_cat-skopor-redskap-hjullastare","12":"product_shipping_class-3-500kr","14":"first","15":"instock","16":"taxable","17":"shipping-taxable","18":"purchasable","19":"product-type-simple"},"acf":[],"_links":{"self":[{"href":"https:\/\/www.antrading.se\/en\/wp-json\/wp\/v2\/product\/5970","targetHints":{"allow":["GET"]}}],"collection":[{"href":"https:\/\/www.antrading.se\/en\/wp-json\/wp\/v2\/product"}],"about":[{"href":"https:\/\/www.antrading.se\/en\/wp-json\/wp\/v2\/types\/product"}],"replies":[{"embeddable":true,"href":"https:\/\/www.antrading.se\/en\/wp-json\/wp\/v2\/comments?post=5970"}],"wp:featuredmedia":[{"embeddable":true,"href":"https:\/\/www.antrading.se\/en\/wp-json\/wp\/v2\/media\/5966"}],"wp:attachment":[{"href":"https:\/\/www.antrading.se\/en\/wp-json\/wp\/v2\/media?parent=5970"}],"wp:term":[{"taxonomy":"product_brand","embeddable":true,"href":"https:\/\/www.antrading.se\/en\/wp-json\/wp\/v2\/product_brand?post=5970"},{"taxonomy":"product_cat","embeddable":true,"href":"https:\/\/www.antrading.se\/en\/wp-json\/wp\/v2\/product_cat?post=5970"},{"taxonomy":"product_tag","embeddable":true,"href":"https:\/\/www.antrading.se\/en\/wp-json\/wp\/v2\/product_tag?post=5970"}],"curies":[{"name":"wp","href":"https:\/\/api.w.org\/{rel}","templated":true}]}}