{"id":5971,"date":"2025-09-20T08:39:56","date_gmt":"2025-09-20T06:39:56","guid":{"rendered":"https:\/\/www.antrading.se\/?post_type=product&#038;p=5971"},"modified":"2025-09-20T08:53:36","modified_gmt":"2025-09-20T06:53:36","slug":"se-planerskopa-hd-265cm-stora-bm-specialversion-fri-frakt","status":"publish","type":"product","link":"https:\/\/www.antrading.se\/en\/product\/se-planerskopa-hd-265cm-stora-bm-specialversion-fri-frakt\/","title":{"rendered":"SE Planerskopa HD 265cm Stora BM Specialversion Fri frakt"},"content":{"rendered":"<p>SE Planerskopa HD 265cm Stora BM Specialversion<br \/>\nBotten 10mm + ribb 15mm (tv\u00e4rg\u00e5ende ribb)<br \/>\nSk\u00e4rst\u00e5l 25x250mm<br \/>\nVikt 988kg<br \/>\nPassar bra till L60H<br \/>\nPris 47.000kr<\/p>\n<p>Nu 45.000kr exkl moms, fri frakt.<\/p>","protected":false},"excerpt":{"rendered":"<p>SE Planerskopa HD 265cm Stora BM Specialversion Botten 10mm + ribb 15mm (tv\u00e4rg\u00e5ende ribb) Sk\u00e4rst\u00e5l 25x250mm Vikt 988kg Passar bra till L60H Pris 47.000kr Nu 45.000kr exkl moms, fri frakt.<\/p>","protected":false},"featured_media":5973,"comment_status":"closed","ping_status":"closed","template":"","meta":{"_acf_changed":false},"product_brand":[75],"product_cat":[50,51,48],"product_tag":[],"class_list":{"0":"post-5971","1":"product","2":"type-product","3":"status-publish","4":"has-post-thumbnail","6":"product_brand-se-equipment","7":"product_cat-butik","8":"product_cat-skopor","9":"product_cat-utforsaljning","10":"product_shipping_class-fri-frakt","12":"first","13":"instock","14":"sale","15":"taxable","16":"shipping-taxable","17":"purchasable","18":"product-type-simple"},"acf":[],"_links":{"self":[{"href":"https:\/\/www.antrading.se\/en\/wp-json\/wp\/v2\/product\/5971","targetHints":{"allow":["GET"]}}],"collection":[{"href":"https:\/\/www.antrading.se\/en\/wp-json\/wp\/v2\/product"}],"about":[{"href":"https:\/\/www.antrading.se\/en\/wp-json\/wp\/v2\/types\/product"}],"replies":[{"embeddable":true,"href":"https:\/\/www.antrading.se\/en\/wp-json\/wp\/v2\/comments?post=5971"}],"wp:featuredmedia":[{"embeddable":true,"href":"https:\/\/www.antrading.se\/en\/wp-json\/wp\/v2\/media\/5973"}],"wp:attachment":[{"href":"https:\/\/www.antrading.se\/en\/wp-json\/wp\/v2\/media?parent=5971"}],"wp:term":[{"taxonomy":"product_brand","embeddable":true,"href":"https:\/\/www.antrading.se\/en\/wp-json\/wp\/v2\/product_brand?post=5971"},{"taxonomy":"product_cat","embeddable":true,"href":"https:\/\/www.antrading.se\/en\/wp-json\/wp\/v2\/product_cat?post=5971"},{"taxonomy":"product_tag","embeddable":true,"href":"https:\/\/www.antrading.se\/en\/wp-json\/wp\/v2\/product_tag?post=5971"}],"curies":[{"name":"wp","href":"https:\/\/api.w.org\/{rel}","templated":true}]}}