{"id":5987,"date":"2025-10-02T09:56:02","date_gmt":"2025-10-02T07:56:02","guid":{"rendered":"https:\/\/www.antrading.se\/?post_type=product&#038;p=5987"},"modified":"2026-02-12T13:25:58","modified_gmt":"2026-02-12T12:25:58","slug":"lst-aterfyllnadsskopa-euro-rak","status":"publish","type":"product","link":"https:\/\/www.antrading.se\/en\/product\/lst-aterfyllnadsskopa-euro-rak\/","title":{"rendered":"LST \u00c5terfyllnadsskopa EURO Rak FRI FRAKT"},"content":{"rendered":"<p>LST \u00c5terfyllnadsskopa EURO, finns i lager f\u00f6r direktleverans, b\u00e5de rak och konad modell.<\/p>\n<p>H\u00f6gkvalitativ \u00e5terfyllnadsskopa med rundat svep samt f\u00f6rst\u00e4rkningar och slitribbor. Mycket prisv\u00e4rd.<\/p>\n<p>&nbsp;<\/p>\n<p>Rak modell EURO<\/p>\n<p>L\u00e4ngd 2000mm<\/p>\n<p>Vikt 385Kg<\/p>\n<p>Pris endast 16.000kr<\/p>\n<p>Frakt och finansiering kan ordnas.<\/p>","protected":false},"excerpt":{"rendered":"<p>LST \u00c5terfyllnadsskopa EURO f\u00e4ste, finns i lager f\u00f6r direktleverans, b\u00e5de rak och konad modell.<\/p>\n<p>H\u00f6gkvalitativ \u00e5terfyllnadsskopa med rundat svep samt f\u00f6rst\u00e4rkningar och slitribbor. Mycket prisv\u00e4rd.<\/p>\n<p>&nbsp;<\/p>","protected":false},"featured_media":5986,"comment_status":"closed","ping_status":"closed","template":"","meta":{"_acf_changed":false},"product_brand":[76],"product_cat":[50,45,49,44,51,67],"product_tag":[],"class_list":{"0":"post-5987","1":"product","2":"type-product","3":"status-publish","4":"has-post-thumbnail","6":"product_brand-lst-trading","7":"product_cat-butik","8":"product_cat-redskap-hjullastare","9":"product_cat-kampanjer","10":"product_cat-redskap","11":"product_cat-skopor","12":"product_cat-skopor-redskap-hjullastare","13":"product_shipping_class-fri-frakt","15":"first","16":"instock","17":"sale","18":"taxable","19":"shipping-taxable","20":"purchasable","21":"product-type-simple"},"acf":[],"_links":{"self":[{"href":"https:\/\/www.antrading.se\/en\/wp-json\/wp\/v2\/product\/5987","targetHints":{"allow":["GET"]}}],"collection":[{"href":"https:\/\/www.antrading.se\/en\/wp-json\/wp\/v2\/product"}],"about":[{"href":"https:\/\/www.antrading.se\/en\/wp-json\/wp\/v2\/types\/product"}],"replies":[{"embeddable":true,"href":"https:\/\/www.antrading.se\/en\/wp-json\/wp\/v2\/comments?post=5987"}],"wp:featuredmedia":[{"embeddable":true,"href":"https:\/\/www.antrading.se\/en\/wp-json\/wp\/v2\/media\/5986"}],"wp:attachment":[{"href":"https:\/\/www.antrading.se\/en\/wp-json\/wp\/v2\/media?parent=5987"}],"wp:term":[{"taxonomy":"product_brand","embeddable":true,"href":"https:\/\/www.antrading.se\/en\/wp-json\/wp\/v2\/product_brand?post=5987"},{"taxonomy":"product_cat","embeddable":true,"href":"https:\/\/www.antrading.se\/en\/wp-json\/wp\/v2\/product_cat?post=5987"},{"taxonomy":"product_tag","embeddable":true,"href":"https:\/\/www.antrading.se\/en\/wp-json\/wp\/v2\/product_tag?post=5987"}],"curies":[{"name":"wp","href":"https:\/\/api.w.org\/{rel}","templated":true}]}}