{"id":5989,"date":"2025-10-02T12:13:40","date_gmt":"2025-10-02T10:13:40","guid":{"rendered":"https:\/\/www.antrading.se\/?post_type=product&#038;p=5989"},"modified":"2026-02-12T13:20:40","modified_gmt":"2026-02-12T12:20:40","slug":"lst-aterfyllnadsskopa-1m-uf-rak-fri-frakt","status":"publish","type":"product","link":"https:\/\/www.antrading.se\/en\/product\/lst-aterfyllnadsskopa-1m-uf-rak-fri-frakt\/","title":{"rendered":"LST \u00c5terfyllnadsskopa 1m UF Rak FRI FRAKT"},"content":{"rendered":"<p>LST \u00c5terfyllnadsskopa 1m UF (utan f\u00e4ste), finns i lager f\u00f6r direktleverans.<\/p>\n<p>H\u00f6gkvalitativ \u00e5terfyllnadsskopa med rundat svep samt f\u00f6rst\u00e4rkningar och slitribbor. Mycket prisv\u00e4rd.<\/p>\n<p>&nbsp;<\/p>\n<p>L\u00e4ngd 1000mm<\/p>\n<p>Vikt 118Kg<\/p>\n<p>Pris endast 6.900kr<\/p>\n<p>Frakt och finansiering kan ordnas.<\/p>","protected":false},"excerpt":{"rendered":"<p>LST \u00c5terfyllnadsskopa utan f\u00e4ste, finns i lager f\u00f6r direktleverans.<\/p>\n<p>H\u00f6gkvalitativ \u00e5terfyllnadsskopa med rundat svep samt f\u00f6rst\u00e4rkningar och slitribbor. Mycket prisv\u00e4rd.<\/p>\n<p>&nbsp;<\/p>","protected":false},"featured_media":5991,"comment_status":"closed","ping_status":"closed","template":"","meta":{"_acf_changed":false},"product_brand":[76],"product_cat":[50,45,49,44,51,67],"product_tag":[],"class_list":{"0":"post-5989","1":"product","2":"type-product","3":"status-publish","4":"has-post-thumbnail","6":"product_brand-lst-trading","7":"product_cat-butik","8":"product_cat-redskap-hjullastare","9":"product_cat-kampanjer","10":"product_cat-redskap","11":"product_cat-skopor","12":"product_cat-skopor-redskap-hjullastare","13":"product_shipping_class-fri-frakt","15":"first","16":"instock","17":"sale","18":"taxable","19":"shipping-taxable","20":"purchasable","21":"product-type-simple"},"acf":[],"_links":{"self":[{"href":"https:\/\/www.antrading.se\/en\/wp-json\/wp\/v2\/product\/5989","targetHints":{"allow":["GET"]}}],"collection":[{"href":"https:\/\/www.antrading.se\/en\/wp-json\/wp\/v2\/product"}],"about":[{"href":"https:\/\/www.antrading.se\/en\/wp-json\/wp\/v2\/types\/product"}],"replies":[{"embeddable":true,"href":"https:\/\/www.antrading.se\/en\/wp-json\/wp\/v2\/comments?post=5989"}],"wp:featuredmedia":[{"embeddable":true,"href":"https:\/\/www.antrading.se\/en\/wp-json\/wp\/v2\/media\/5991"}],"wp:attachment":[{"href":"https:\/\/www.antrading.se\/en\/wp-json\/wp\/v2\/media?parent=5989"}],"wp:term":[{"taxonomy":"product_brand","embeddable":true,"href":"https:\/\/www.antrading.se\/en\/wp-json\/wp\/v2\/product_brand?post=5989"},{"taxonomy":"product_cat","embeddable":true,"href":"https:\/\/www.antrading.se\/en\/wp-json\/wp\/v2\/product_cat?post=5989"},{"taxonomy":"product_tag","embeddable":true,"href":"https:\/\/www.antrading.se\/en\/wp-json\/wp\/v2\/product_tag?post=5989"}],"curies":[{"name":"wp","href":"https:\/\/api.w.org\/{rel}","templated":true}]}}