{"id":5999,"date":"2025-10-02T13:39:13","date_gmt":"2025-10-02T11:39:13","guid":{"rendered":"https:\/\/www.antrading.se\/?post_type=product&#038;p=5999"},"modified":"2026-02-13T13:41:05","modified_gmt":"2026-02-13T12:41:05","slug":"ant-klaffskopa-210-pro-l30","status":"publish","type":"product","link":"https:\/\/www.antrading.se\/en\/product\/ant-klaffskopa-210-pro-l30\/","title":{"rendered":"ANT Klaffskopa 210 Pro L30 FRI FRAKT"},"content":{"rendered":"<p>Mycket gedigen skopa som \u00e4r lite kraftigare och tyngre \u00e4n v\u00e5ra standard modeller, l\u00e4mpligt f\u00f6r h\u00f6gre maskinvikt upp mot 8 ton. Nyhet f\u00f6r i \u00e5r \u00e4r flexibel\/flytande klaff.<\/p>\n<p>Bredd 210cm, L30 f\u00e4ste (Z602)<\/p>\n<p>Kundanpassas med chockventiler\/elventil (2-slang eller 4-slang)<\/p>\n<p>V\u00e4ndbart skopst\u00e5l, sl\u00e4t eller tandat i Hardox.<\/p>\n<p>Pris komplett med elventil\/chockventiler\/accumulator 2 slang + el eller chockventil\/accumulator 4-slang<\/p>\n<p>Slut i lager, inkommer h\u00f6sten 2026.<\/p>\n<p>&nbsp;<\/p>","protected":false},"excerpt":{"rendered":"<p>Mycket gedigen skopa som \u00e4r lite kraftigare och tyngre \u00e4n v\u00e5ra standard modeller, l\u00e4mpligt f\u00f6r h\u00f6gre maskinvikt upp mot 8 ton. Nyhet f\u00f6r i \u00e5r \u00e4r flexibel\/flytande klaff. Bredd 210cm, L30 f\u00e4ste (Z602) Kundanpassas med chockventiler\/elventil (2-slang eller 4-slang) V\u00e4ndbart skopst\u00e5l, sl\u00e4t eller tandat i Hardox. Pris komplett med elventil\/chockventiler\/accumulator 2 slang + el eller [&hellip;]<\/p>","protected":false},"featured_media":5560,"comment_status":"closed","ping_status":"closed","template":"","meta":{"_acf_changed":false},"product_brand":[83],"product_cat":[50,45,44,51,67],"product_tag":[],"class_list":{"0":"post-5999","1":"product","2":"type-product","3":"status-publish","4":"has-post-thumbnail","6":"product_brand-ant","7":"product_cat-butik","8":"product_cat-redskap-hjullastare","9":"product_cat-redskap","10":"product_cat-skopor","11":"product_cat-skopor-redskap-hjullastare","12":"product_shipping_class-fri-frakt","14":"first","15":"outofstock","16":"taxable","17":"shipping-taxable","18":"purchasable","19":"product-type-simple"},"acf":[],"_links":{"self":[{"href":"https:\/\/www.antrading.se\/en\/wp-json\/wp\/v2\/product\/5999","targetHints":{"allow":["GET"]}}],"collection":[{"href":"https:\/\/www.antrading.se\/en\/wp-json\/wp\/v2\/product"}],"about":[{"href":"https:\/\/www.antrading.se\/en\/wp-json\/wp\/v2\/types\/product"}],"replies":[{"embeddable":true,"href":"https:\/\/www.antrading.se\/en\/wp-json\/wp\/v2\/comments?post=5999"}],"wp:featuredmedia":[{"embeddable":true,"href":"https:\/\/www.antrading.se\/en\/wp-json\/wp\/v2\/media\/5560"}],"wp:attachment":[{"href":"https:\/\/www.antrading.se\/en\/wp-json\/wp\/v2\/media?parent=5999"}],"wp:term":[{"taxonomy":"product_brand","embeddable":true,"href":"https:\/\/www.antrading.se\/en\/wp-json\/wp\/v2\/product_brand?post=5999"},{"taxonomy":"product_cat","embeddable":true,"href":"https:\/\/www.antrading.se\/en\/wp-json\/wp\/v2\/product_cat?post=5999"},{"taxonomy":"product_tag","embeddable":true,"href":"https:\/\/www.antrading.se\/en\/wp-json\/wp\/v2\/product_tag?post=5999"}],"curies":[{"name":"wp","href":"https:\/\/api.w.org\/{rel}","templated":true}]}}