{"id":6000,"date":"2025-10-02T13:54:33","date_gmt":"2025-10-02T11:54:33","guid":{"rendered":"https:\/\/www.antrading.se\/?post_type=product&#038;p=6000"},"modified":"2026-02-27T14:30:53","modified_gmt":"2026-02-27T13:30:53","slug":"shantui-se12sr-kampanj-lagre-pris-samt-fri-frakt","status":"publish","type":"product","link":"https:\/\/www.antrading.se\/en\/product\/shantui-se12sr-kampanj-lagre-pris-samt-fri-frakt\/","title":{"rendered":"Shantui SE12SR Kampanj! L\u00e4gre pris samt FRI FRAKT"},"content":{"rendered":"<p>Kampanj! L\u00e4gre pris samt fri frakt till terminal eller om kund lossar (frakt g\u00e4ller ej \u00f6-omr\u00e5den, andra undantag kan f\u00f6rekomma) G\u00e4ller vid bokning under Mars m\u00e5nad<\/p>\n<p>SHANTUI SE12SR.<\/p>\n<p>Mycket gedigen och smidig minigr\u00e4vare med en tystg\u00e5ende 3-cylindrig v\u00e4tskekyld motor fr\u00e5n Kubota. Mycket fink\u00e4nslig hydraulik med enbart kvalitetskomponenter. Bandbreddning, bomsv\u00e4ng samt 2 larvhastigheter, joystick med r\u00e4tt placering f\u00f6r en smidig och bekv\u00e4m k\u00f6rst\u00e4llning. Justerbar stol s\u00e5 gott om plats \u00e4ven f\u00f6r l\u00e4ngre personer. Paketpris med SE tiltmellandel S30\/180 och skoppaket fr\u00e5n SE Equipment inneh\u00e5llande planerskopa, tandad gr\u00e4vskopa och kabelskopa.<\/p>\n<p>Pris endast 179.000kr exkl moms. (223.750kr inkl moms)<\/p>\n<p>Nu endast 169.000kr exkl moms (211.250kr inkl moms)<\/p>\n<p>Fabrikat\/Modell: SHANTUI SE12SR<br \/>\nMotor: Kubota D782 9.8Kw Steg5<br \/>\nVikt 1200kg<br \/>\nBomsv\u00e4ng<br \/>\nBandbreddning<br \/>\n2 hastigheter p\u00e5 drivmotor<br \/>\nExtra hydraulik<br \/>\nArbetsbelysning<br \/>\nJusterbar stol<br \/>\nSE tiltmellandel S30\/180<br \/>\nSE planerskopa<br \/>\nSE Tandad gr\u00e4vskopa<br \/>\nSE Kabelskopa<br \/>\nVerktygsl\u00e5da<br \/>\nInstruktionsbok<\/p>\n<p>Max. Gr\u00e4vdjup 1837 mm<br \/>\nMax Gr\u00e4vradie 3360 mm<br \/>\nH\u00f6jd 2260 mm (med takb\u00e5ge)<br \/>\nBredd 830\/1000 mm<br \/>\nCE-M\u00e4rkt<br \/>\nGaranti: 2000tim\/2\u00e5r (Centrallager f\u00f6r delar finns i Belgien)<\/p>\n<p><a href=\"https:\/\/www.antrading.se\/wp-content\/uploads\/2025\/06\/1.1-SE12-Excavator.pdf\">1.1-SE12-Excavator<\/a><\/p>","protected":false},"excerpt":{"rendered":"<p>Kampanj! L\u00e4gre pris samt fri frakt till terminal eller om kund lossar (frakt g\u00e4ller ej \u00f6-omr\u00e5den, andra undantag kan f\u00f6rekomma) G\u00e4ller vid bokning under Mars m\u00e5nad SHANTUI SE12SR. Mycket gedigen och smidig minigr\u00e4vare med en tystg\u00e5ende 3-cylindrig v\u00e4tskekyld motor fr\u00e5n Kubota. Mycket fink\u00e4nslig hydraulik med enbart kvalitetskomponenter. Bandbreddning, bomsv\u00e4ng samt 2 larvhastigheter, joystick med r\u00e4tt [&hellip;]<\/p>","protected":false},"featured_media":5672,"comment_status":"open","ping_status":"closed","template":"","meta":{"_acf_changed":false},"product_brand":[78],"product_cat":[50,23,49],"product_tag":[],"class_list":{"0":"post-6000","1":"product","2":"type-product","3":"status-publish","4":"has-post-thumbnail","6":"product_brand-shantui","7":"product_cat-butik","8":"product_cat-gravmaskiner","9":"product_cat-kampanjer","10":"product_shipping_class-fri-frakt","12":"first","13":"instock","14":"sale","15":"taxable","16":"shipping-taxable","17":"purchasable","18":"product-type-simple"},"acf":[],"_links":{"self":[{"href":"https:\/\/www.antrading.se\/en\/wp-json\/wp\/v2\/product\/6000","targetHints":{"allow":["GET"]}}],"collection":[{"href":"https:\/\/www.antrading.se\/en\/wp-json\/wp\/v2\/product"}],"about":[{"href":"https:\/\/www.antrading.se\/en\/wp-json\/wp\/v2\/types\/product"}],"replies":[{"embeddable":true,"href":"https:\/\/www.antrading.se\/en\/wp-json\/wp\/v2\/comments?post=6000"}],"wp:featuredmedia":[{"embeddable":true,"href":"https:\/\/www.antrading.se\/en\/wp-json\/wp\/v2\/media\/5672"}],"wp:attachment":[{"href":"https:\/\/www.antrading.se\/en\/wp-json\/wp\/v2\/media?parent=6000"}],"wp:term":[{"taxonomy":"product_brand","embeddable":true,"href":"https:\/\/www.antrading.se\/en\/wp-json\/wp\/v2\/product_brand?post=6000"},{"taxonomy":"product_cat","embeddable":true,"href":"https:\/\/www.antrading.se\/en\/wp-json\/wp\/v2\/product_cat?post=6000"},{"taxonomy":"product_tag","embeddable":true,"href":"https:\/\/www.antrading.se\/en\/wp-json\/wp\/v2\/product_tag?post=6000"}],"curies":[{"name":"wp","href":"https:\/\/api.w.org\/{rel}","templated":true}]}}