{"id":6013,"date":"2025-10-03T12:54:34","date_gmt":"2025-10-03T10:54:34","guid":{"rendered":"https:\/\/www.antrading.se\/?post_type=product&#038;p=6013"},"modified":"2026-02-13T13:35:04","modified_gmt":"2026-02-13T12:35:04","slug":"ant-klaffskopa-160-avant-fri-frakt","status":"publish","type":"product","link":"https:\/\/www.antrading.se\/en\/product\/ant-klaffskopa-160-avant-fri-frakt\/","title":{"rendered":"ANT Klaffskopa 160 Avant FRI FRAKT"},"content":{"rendered":"<p>Klaffskopa passande minilastare typ Avant\/Multione. B\u00e5de f\u00f6rdelar fr\u00e5n plogens och skopans egenskaper. Sparar enormt mycket tid vid sn\u00f6skottning.<\/p>\n<p>Bredd 160cm, vingar 60cm.<\/p>\n<p>Fj\u00e4drande klaffar. Levereras med 4 slangar och Avant\/Multione f\u00e4ste. Elventil, chockventil och accumulator mot till\u00e4gg, beg\u00e4r offert.<\/p>\n<p>Finns \u00e4ven med SMS f\u00e4ste.<\/p>\n<p>Finns i lager. Fri frakt s\u00e5 l\u00e5ngt lagret r\u00e4cker.<\/p>\n<p>&nbsp;<\/p>","protected":false},"excerpt":{"rendered":"<p>Klaffskopa passande minilastare typ Avant\/Multione. B\u00e5de f\u00f6rdelar fr\u00e5n plogens och skopans egenskaper. Sparar enormt mycket tid vid sn\u00f6skottning. Bredd 160cm, vingar 60cm. Fj\u00e4drande klaffar. Levereras med 4 slangar och Avant\/Multione f\u00e4ste. Elventil, chockventil och accumulator mot till\u00e4gg, beg\u00e4r offert. Finns \u00e4ven med SMS f\u00e4ste. Finns i lager. Fri frakt s\u00e5 l\u00e5ngt lagret r\u00e4cker. &nbsp;<\/p>","protected":false},"featured_media":5409,"comment_status":"closed","ping_status":"closed","template":"","meta":{"_acf_changed":false},"product_brand":[83],"product_cat":[50,45,49,44,67,51],"product_tag":[],"class_list":{"0":"post-6013","1":"product","2":"type-product","3":"status-publish","4":"has-post-thumbnail","6":"product_brand-ant","7":"product_cat-butik","8":"product_cat-redskap-hjullastare","9":"product_cat-kampanjer","10":"product_cat-redskap","11":"product_cat-skopor-redskap-hjullastare","12":"product_cat-skopor","13":"product_shipping_class-fri-frakt","15":"first","16":"instock","17":"taxable","18":"shipping-taxable","19":"purchasable","20":"product-type-simple"},"acf":[],"_links":{"self":[{"href":"https:\/\/www.antrading.se\/en\/wp-json\/wp\/v2\/product\/6013","targetHints":{"allow":["GET"]}}],"collection":[{"href":"https:\/\/www.antrading.se\/en\/wp-json\/wp\/v2\/product"}],"about":[{"href":"https:\/\/www.antrading.se\/en\/wp-json\/wp\/v2\/types\/product"}],"replies":[{"embeddable":true,"href":"https:\/\/www.antrading.se\/en\/wp-json\/wp\/v2\/comments?post=6013"}],"wp:featuredmedia":[{"embeddable":true,"href":"https:\/\/www.antrading.se\/en\/wp-json\/wp\/v2\/media\/5409"}],"wp:attachment":[{"href":"https:\/\/www.antrading.se\/en\/wp-json\/wp\/v2\/media?parent=6013"}],"wp:term":[{"taxonomy":"product_brand","embeddable":true,"href":"https:\/\/www.antrading.se\/en\/wp-json\/wp\/v2\/product_brand?post=6013"},{"taxonomy":"product_cat","embeddable":true,"href":"https:\/\/www.antrading.se\/en\/wp-json\/wp\/v2\/product_cat?post=6013"},{"taxonomy":"product_tag","embeddable":true,"href":"https:\/\/www.antrading.se\/en\/wp-json\/wp\/v2\/product_tag?post=6013"}],"curies":[{"name":"wp","href":"https:\/\/api.w.org\/{rel}","templated":true}]}}