{"id":6033,"date":"2025-11-15T08:47:16","date_gmt":"2025-11-15T07:47:16","guid":{"rendered":"https:\/\/www.antrading.se\/?post_type=product&#038;p=6033"},"modified":"2026-03-21T08:17:06","modified_gmt":"2026-03-21T07:17:06","slug":"ant-klaffskopa-140-pro-sms-fri-frakt","status":"publish","type":"product","link":"https:\/\/www.antrading.se\/en\/product\/ant-klaffskopa-140-pro-sms-fri-frakt\/","title":{"rendered":"ANT Klaffskopa 140 Pro SMS FRI FRAKT"},"content":{"rendered":"<p>Klaffskopa ANT140Pro<\/p>\n<p>Mycket gedigen och prisv\u00e4rd skopa som \u00e4r lite kraftigare och tyngre \u00e4n v\u00e5ra standard modeller, flytande klaff.<\/p>\n<p>Komplett skopa med elventil\/chockventiler och accumulator, 2st slang och elkabel. (alternativt utan elventil och 4st slangar)<\/p>\n<p>&nbsp;<\/p>\n<p>140cm SMS\/Trima<\/p>\n<p>Klaffar 70cm\/st<\/p>\n<p>vikt 558kg<\/p>\n<p>Pris 35.000kr<\/p>\n<p>(pris utan ventilpaket chock\/acc 28.000kr)<\/p>\n<p>Alla priser exkl moms.<\/p>\n<p>&nbsp;<\/p>\n<p>Fj\u00e4drande\/flytande klaffar, v\u00e4ndbart skopst\u00e5l, sl\u00e4t eller tandat i Hardox.<\/p>\n<p>Kan kundanpassas med 4-slangar vid behov och \u00e4ven andra f\u00e4sten, maila f\u00f6r offert.<\/p>\n<p>Frakt och finansiering kan ordnas.<\/p>\n<p>&nbsp;<\/p>\n<p>Finns i lager f\u00f6r direktleverans.<\/p>","protected":false},"excerpt":{"rendered":"<p>Klaffskopa ANT140Pro Mycket gedigen och prisv\u00e4rd skopa som \u00e4r lite kraftigare och tyngre \u00e4n v\u00e5ra standard modeller, flytande klaff. Komplett skopa med elventil\/chockventiler och accumulator, 2st slang och elkabel. (alternativt utan elventil och 4st slangar) &nbsp; 140cm SMS\/Trima Klaffar 70cm\/st vikt 558kg Pris 35.000kr (pris utan ventilpaket chock\/acc 28.000kr) Alla priser exkl moms. &nbsp; Fj\u00e4drande\/flytande [&hellip;]<\/p>","protected":false},"featured_media":6034,"comment_status":"closed","ping_status":"closed","template":"","meta":{"_acf_changed":false},"product_brand":[83],"product_cat":[50,45,49,44,67,51,48],"product_tag":[],"class_list":{"0":"post-6033","1":"product","2":"type-product","3":"status-publish","4":"has-post-thumbnail","6":"product_brand-ant","7":"product_cat-butik","8":"product_cat-redskap-hjullastare","9":"product_cat-kampanjer","10":"product_cat-redskap","11":"product_cat-skopor-redskap-hjullastare","12":"product_cat-skopor","13":"product_cat-utforsaljning","14":"product_shipping_class-fri-frakt","16":"first","17":"instock","18":"sale","19":"taxable","20":"shipping-taxable","21":"purchasable","22":"product-type-simple"},"acf":[],"_links":{"self":[{"href":"https:\/\/www.antrading.se\/en\/wp-json\/wp\/v2\/product\/6033","targetHints":{"allow":["GET"]}}],"collection":[{"href":"https:\/\/www.antrading.se\/en\/wp-json\/wp\/v2\/product"}],"about":[{"href":"https:\/\/www.antrading.se\/en\/wp-json\/wp\/v2\/types\/product"}],"replies":[{"embeddable":true,"href":"https:\/\/www.antrading.se\/en\/wp-json\/wp\/v2\/comments?post=6033"}],"wp:featuredmedia":[{"embeddable":true,"href":"https:\/\/www.antrading.se\/en\/wp-json\/wp\/v2\/media\/6034"}],"wp:attachment":[{"href":"https:\/\/www.antrading.se\/en\/wp-json\/wp\/v2\/media?parent=6033"}],"wp:term":[{"taxonomy":"product_brand","embeddable":true,"href":"https:\/\/www.antrading.se\/en\/wp-json\/wp\/v2\/product_brand?post=6033"},{"taxonomy":"product_cat","embeddable":true,"href":"https:\/\/www.antrading.se\/en\/wp-json\/wp\/v2\/product_cat?post=6033"},{"taxonomy":"product_tag","embeddable":true,"href":"https:\/\/www.antrading.se\/en\/wp-json\/wp\/v2\/product_tag?post=6033"}],"curies":[{"name":"wp","href":"https:\/\/api.w.org\/{rel}","templated":true}]}}