{"id":6099,"date":"2026-02-27T10:01:08","date_gmt":"2026-02-27T09:01:08","guid":{"rendered":"https:\/\/www.antrading.se\/?post_type=product&#038;p=6099"},"modified":"2026-02-27T10:05:17","modified_gmt":"2026-02-27T09:05:17","slug":"shantui-se18sr-utforsaljning-1ex-199-000kr-exkl-moms","status":"publish","type":"product","link":"https:\/\/www.antrading.se\/en\/product\/shantui-se18sr-utforsaljning-1ex-199-000kr-exkl-moms\/","title":{"rendered":"Shantui SE18SR Utf\u00f6rs\u00e4ljning 1ex 199.000kr exkl moms"},"content":{"rendered":"<p>OBS g\u00e4ller en maskin, helt ny maskin men tillverknings\u00e5r 2023. Pris endast 199.000kr exkl moms. Inkl tiltmellandel och skoppaket.<\/p>\n<p>Kampanj! S\u00e4nkt pris! Kampanjpris 239.000kr (Ord pris 259.000kr) 20.000kr i rabatt. (exkl moms)<\/p>\n<p>SHANTUI SE18SR.<\/p>\n<p>Mycket gedigen och smidig minigr\u00e4vare med en tystg\u00e5ende 3-cylindrig v\u00e4tskekyld motor fr\u00e5n Kubota. Mycket fink\u00e4nslig och f\u00f6ljsam hydraulik med enbart kvalitetskomponenter. Bandbreddning, bomsv\u00e4ng samt 2 larvhastigheter, joystick med r\u00e4tt placering f\u00f6r en smidig och bekv\u00e4m k\u00f6rst\u00e4llning. Justerbar stol s\u00e5 gott om plats \u00e4ven f\u00f6r l\u00e4ngre personer. Hytt med bra v\u00e4rme. Paketpris med SE tiltmellandel S30\/180 och skoppaket fr\u00e5n SE Equipment inneh\u00e5llande planerskopa, tandad gr\u00e4vskopa och kabelskopa.<\/p>\n<p>Pris endast 259.000kr exkl moms. (323.750kr inkl moms) Passande maskinsl\u00e4p 2700kg, 45.000kr exkl moms (56.250kr inkl moms)<\/p>\n<p>Fabrikat\/Modell: SHANTUI SE18SR<br \/>\nMotor: Kubota D902 11.8Kw Steg5<br \/>\nVikt 1880kg<br \/>\nBomsv\u00e4ng<br \/>\nBandbreddning<br \/>\n2 hastigheter p\u00e5 drivmotor<br \/>\nExtra hydraulik<br \/>\nS\u00e4kerhetsventiler bom<br \/>\nArbetsbelysning<br \/>\nJusterbar stol<br \/>\nSE tiltmellandel S30\/180<br \/>\nSE planerskopa<br \/>\nSE Tandad gr\u00e4vskopa<br \/>\nSE Kabelskopa<br \/>\nVerktygsl\u00e5da<br \/>\nInstruktionsbok<\/p>\n<p>Max. Gr\u00e4vdjup 2270 mm<br \/>\nMax Gr\u00e4vradie 3910 mm<br \/>\nH\u00f6jd 2400 mm (med takb\u00e5ge)<br \/>\nBredd 990\/1300 mm<br \/>\nCE-M\u00e4rkt<br \/>\nGaranti: 2000tim\/2\u00e5r (Centrallager f\u00f6r delar finns i Belgien)<\/p>\n<p><a href=\"https:\/\/www.antrading.se\/wp-content\/uploads\/2025\/06\/1.3-SE18SR-Excavator.pdf\">1.3-SE18SR-Excavator<\/a><\/p>","protected":false},"excerpt":{"rendered":"<p>OBS g\u00e4ller en maskin, helt ny maskin men tillverknings\u00e5r 2023. Pris endast 199.000kr exkl moms. Inkl tiltmellandel och skoppaket. Kampanj! S\u00e4nkt pris! Kampanjpris 239.000kr (Ord pris 259.000kr) 20.000kr i rabatt. (exkl moms) SHANTUI SE18SR. Mycket gedigen och smidig minigr\u00e4vare med en tystg\u00e5ende 3-cylindrig v\u00e4tskekyld motor fr\u00e5n Kubota. Mycket fink\u00e4nslig och f\u00f6ljsam hydraulik med enbart kvalitetskomponenter. [&hellip;]<\/p>","protected":false},"featured_media":5692,"comment_status":"open","ping_status":"closed","template":"","meta":{"_acf_changed":false},"product_brand":[78],"product_cat":[50,23,48],"product_tag":[],"class_list":{"0":"post-6099","1":"product","2":"type-product","3":"status-publish","4":"has-post-thumbnail","6":"product_brand-shantui","7":"product_cat-butik","8":"product_cat-gravmaskiner","9":"product_cat-utforsaljning","10":"product_shipping_class-3-500kr","12":"first","13":"instock","14":"sale","15":"taxable","16":"shipping-taxable","17":"purchasable","18":"product-type-simple"},"acf":[],"_links":{"self":[{"href":"https:\/\/www.antrading.se\/en\/wp-json\/wp\/v2\/product\/6099","targetHints":{"allow":["GET"]}}],"collection":[{"href":"https:\/\/www.antrading.se\/en\/wp-json\/wp\/v2\/product"}],"about":[{"href":"https:\/\/www.antrading.se\/en\/wp-json\/wp\/v2\/types\/product"}],"replies":[{"embeddable":true,"href":"https:\/\/www.antrading.se\/en\/wp-json\/wp\/v2\/comments?post=6099"}],"wp:featuredmedia":[{"embeddable":true,"href":"https:\/\/www.antrading.se\/en\/wp-json\/wp\/v2\/media\/5692"}],"wp:attachment":[{"href":"https:\/\/www.antrading.se\/en\/wp-json\/wp\/v2\/media?parent=6099"}],"wp:term":[{"taxonomy":"product_brand","embeddable":true,"href":"https:\/\/www.antrading.se\/en\/wp-json\/wp\/v2\/product_brand?post=6099"},{"taxonomy":"product_cat","embeddable":true,"href":"https:\/\/www.antrading.se\/en\/wp-json\/wp\/v2\/product_cat?post=6099"},{"taxonomy":"product_tag","embeddable":true,"href":"https:\/\/www.antrading.se\/en\/wp-json\/wp\/v2\/product_tag?post=6099"}],"curies":[{"name":"wp","href":"https:\/\/api.w.org\/{rel}","templated":true}]}}